{"id":1931,"date":"2025-08-07T12:39:09","date_gmt":"2025-08-07T15:39:09","guid":{"rendered":"https:\/\/institutoleal.com.br\/novo\/?post_type=product&#038;p=1931"},"modified":"2025-08-07T12:39:09","modified_gmt":"2025-08-07T15:39:09","slug":"pos-graduacao-em-reumatologia-ead","status":"publish","type":"product","link":"https:\/\/institutoleal.com.br\/novo\/especializacao\/pos-graduacao-em-reumatologia-ead\/","title":{"rendered":"P\u00f3s Gradua\u00e7\u00e3o em Reumatologia \u2013 EAD"},"content":{"rendered":"<h4><strong>P\u00fablico Alvo:<\/strong><\/h4>\n<p>M\u00e9dicos.<\/p>\n<h4><strong>Carga Hor\u00e1ria:<\/strong><\/h4>\n<p>576 H\/a<\/p>\n<h4><strong>Informa\u00e7\u00f5es adicionais:<\/strong><\/h4>\n<ul>\n<li>Curso de p\u00f3s reconhecido pelo MEC<\/li>\n<li>N\u00e3o precisa ter CRM<\/li>\n<li>N\u00e3o precisa da entrega do TCC \/ Artigo<\/li>\n<li>Aulas 100% onlines<\/li>\n<li>Professores Qualificados<\/li>\n<li>Fa\u00e7a a qualquer momento<\/li>\n<\/ul>\n<p class=\"ds-markdown-paragraph\"><strong>P\u00f3s-Gradua\u00e7\u00e3o em Reumatologia Cl\u00ednica 100% Online<\/strong><br \/>\n<em>Certifica\u00e7\u00e3o Reconhecida pelo MEC &#8211; Forma\u00e7\u00e3o Completa para Diagn\u00f3stico e Tratamento Reumatol\u00f3gico<\/em><\/p>\n<hr \/>\n<h3><strong>Conte\u00fado Program\u00e1tico Organizado por \u00c1reas Tem\u00e1ticas<\/strong><\/h3>\n<h4><strong>1. Fundamentos em Reumatologia (72h)<\/strong><\/h4>\n<ul>\n<li>\n<p class=\"ds-markdown-paragraph\">Introdu\u00e7\u00e3o \u00e0 semiologia reumatol\u00f3gica e diagn\u00f3stico por imagem (24h)<\/p>\n<\/li>\n<li>\n<p class=\"ds-markdown-paragraph\">Laborat\u00f3rio e imunologia aplicada (24h)<\/p>\n<\/li>\n<li>\n<p class=\"ds-markdown-paragraph\">Metodologia de pesquisa em reumatologia (24h)<\/p>\n<\/li>\n<\/ul>\n<h4><strong>2. Doen\u00e7as Reum\u00e1ticas (168h)<\/strong><\/h4>\n<ul>\n<li>\n<p class=\"ds-markdown-paragraph\">Doen\u00e7as articulares degenerativas (24h)<\/p>\n<\/li>\n<li>\n<p class=\"ds-markdown-paragraph\">Artrites inflamat\u00f3rias (24h)<\/p>\n<\/li>\n<li>\n<p class=\"ds-markdown-paragraph\">Doen\u00e7as reum\u00e1ticas autoimunes (24h)<\/p>\n<\/li>\n<li>\n<p class=\"ds-markdown-paragraph\">Doen\u00e7as inflamat\u00f3rias e vasculites (48h)<\/p>\n<\/li>\n<li>\n<p class=\"ds-markdown-paragraph\">Doen\u00e7as osteometab\u00f3licas (24h)<\/p>\n<\/li>\n<li>\n<p class=\"ds-markdown-paragraph\">Doen\u00e7as de Raynaud e capilaroscopia (24h)<\/p>\n<\/li>\n<\/ul>\n<h4><strong>3. S\u00edndromes Dolorosas (96h)<\/strong><\/h4>\n<ul>\n<li>\n<p class=\"ds-markdown-paragraph\">S\u00edndrome fibromi\u00e1lgica (24h)<\/p>\n<\/li>\n<li>\n<p class=\"ds-markdown-paragraph\">S\u00edndrome dolorosa miofascial (24h)<\/p>\n<\/li>\n<li>\n<p class=\"ds-markdown-paragraph\">Dor p\u00e9lvica cr\u00f4nica e sacroile\u00edtes (24h)<\/p>\n<\/li>\n<li>\n<p class=\"ds-markdown-paragraph\">Tratamento farmacol\u00f3gico da dor (24h)<\/p>\n<\/li>\n<\/ul>\n<h4><strong>4. Abordagens Terap\u00eauticas (72h)<\/strong><\/h4>\n<ul>\n<li>\n<p class=\"ds-markdown-paragraph\">Tratamento ortop\u00e9dico em reumatologia (24h)<\/p>\n<\/li>\n<li>\n<p class=\"ds-markdown-paragraph\">Cora\u00e7\u00e3o e reumatologia (24h)<\/p>\n<\/li>\n<li>\n<p class=\"ds-markdown-paragraph\">Doen\u00e7as da coluna vertebral e reabilita\u00e7\u00e3o (24h)<\/p>\n<\/li>\n<\/ul>\n<h4><strong>5. Casos Cl\u00ednicos e Atualidades (120h)<\/strong><\/h4>\n<ul>\n<li>\n<p class=\"ds-markdown-paragraph\">Dist\u00farbios osteomusculares relacionados ao trabalho (LER\/DORT) (24h)<\/p>\n<\/li>\n<li>\n<p class=\"ds-markdown-paragraph\">Doen\u00e7a de Lyme e doen\u00e7as mio\u00e1ticas (24h)<\/p>\n<\/li>\n<li>\n<p class=\"ds-markdown-paragraph\">Estudo de casos complexos (96h)<\/p>\n<\/li>\n<\/ul>\n<h4><strong>6. M\u00f3dulos Complementares (48h)<\/strong><\/h4>\n<ul>\n<li>\n<p class=\"ds-markdown-paragraph\">Direito M\u00e9dico aplicado \u00e0 reumatologia (24h)<\/p>\n<\/li>\n<li>\n<p class=\"ds-markdown-paragraph\">Articula\u00e7\u00f5es: abordagem pr\u00e1tica (24h)<\/p>\n<\/li>\n<\/ul>\n<hr \/>\n<h3><strong>Destaques do Curso<\/strong><\/h3>\n<p class=\"ds-markdown-paragraph\">\u2714\u00a0<strong>96 horas dedicadas a casos cl\u00ednicos<\/strong>\u00a0&#8211; Aprendizado baseado em problemas reais<br \/>\n\u2714 Abordagem\u00a0<strong>multidisciplinar<\/strong>\u00a0(ortopedia, imunologia, cardiologia)<br \/>\n\u2714 Foco em\u00a0<strong>diagn\u00f3stico por imagem e exames laboratoriais<\/strong><br \/>\n\u2714 Atualiza\u00e7\u00e3o sobre\u00a0<strong>terapias biol\u00f3gicas e imunomoduladoras<\/strong><\/p>\n<p class=\"ds-markdown-paragraph\">[\ud83d\udce5\u00a0<strong>Baixar Programa Completo em PDF<\/strong>]<\/p>\n<hr \/>\n<p class=\"ds-markdown-paragraph\"><strong>Metodologia Inovadora:<\/strong><\/p>\n<ul>\n<li>\n<p class=\"ds-markdown-paragraph\">Videoaulas com\u00a0<strong>demonstra\u00e7\u00e3o de exames f\u00edsicos<\/strong><\/p>\n<\/li>\n<li>\n<p class=\"ds-markdown-paragraph\">An\u00e1lise de\u00a0<strong>laudos de imagem reumatol\u00f3gicos<\/strong><\/p>\n<\/li>\n<li>\n<p class=\"ds-markdown-paragraph\">Protocolos de\u00a0<strong>conduta terap\u00eautica<\/strong>\u00a0atualizados<\/p>\n<\/li>\n<\/ul>\n\n                    <div class=\"twwr-container twwr-chat-std twwr-woocommerce\" data-rot-id=\"1513\">\n                \n        <div class=\"agent-list-item\">\n\n            <a href=\"https:\/\/institutoleal.com.br\/novo\/wa\/contato-cursos\/?agent=1490&#038;number=+5544998624680&#038;ref=https:\/\/institutoleal.com.br\/novo\/especializacao\/pos-graduacao-em-reumatologia-ead\/\" class=\"twwr-wa-button Online\" rel=\"nofollow\" title=\"Online | Hubungi : +5544998624680 (Atendimento)\" data-agent=\"1490\"  data-number=\"+5544998624680\" data-chat=\"1513\">\n                <span class=\"agent-avatar-fig\">\n                                    <\/span>\n                <span class=\"agent-detail-fig\">\n                    <span class=\"agent-label\">\n                        <span class=\"agent-name\">Atendimento<\/span>\n                        <span class=\"department\"><\/span>\n                        <span class=\"status\">Online<\/span>\n                    <\/span>\n                    \n                    <span class=\"agent-number\">WA : +5544998624680<\/span>\n                    <span class=\"agent-message\">Chame no WhatsApp<\/span>\n                <\/span>\n                <span class=\"chat\">Chat<\/span>\n            <\/a>\n        <\/div>\n                                    <\/div>\n        \n","protected":false},"excerpt":{"rendered":"<h2><strong>Metodologia<\/strong><\/h2>\n<p>As metodologias adotadas pelo nosso corpo docente est\u00e3o de acordo com &#8230; <\/p>\n","protected":false},"featured_media":1932,"comment_status":"closed","ping_status":"closed","template":"","meta":[],"product_brand":[],"product_cat":[15],"product_tag":[],"class_list":{"0":"post-1931","1":"product","2":"type-product","3":"status-publish","4":"has-post-thumbnail","6":"product_cat-medicina","8":"first","9":"instock","10":"shipping-taxable","11":"product-type-simple"},"_links":{"self":[{"href":"https:\/\/institutoleal.com.br\/novo\/wp-json\/wp\/v2\/product\/1931","targetHints":{"allow":["GET"]}}],"collection":[{"href":"https:\/\/institutoleal.com.br\/novo\/wp-json\/wp\/v2\/product"}],"about":[{"href":"https:\/\/institutoleal.com.br\/novo\/wp-json\/wp\/v2\/types\/product"}],"replies":[{"embeddable":true,"href":"https:\/\/institutoleal.com.br\/novo\/wp-json\/wp\/v2\/comments?post=1931"}],"wp:featuredmedia":[{"embeddable":true,"href":"https:\/\/institutoleal.com.br\/novo\/wp-json\/wp\/v2\/media\/1932"}],"wp:attachment":[{"href":"https:\/\/institutoleal.com.br\/novo\/wp-json\/wp\/v2\/media?parent=1931"}],"wp:term":[{"taxonomy":"product_brand","embeddable":true,"href":"https:\/\/institutoleal.com.br\/novo\/wp-json\/wp\/v2\/product_brand?post=1931"},{"taxonomy":"product_cat","embeddable":true,"href":"https:\/\/institutoleal.com.br\/novo\/wp-json\/wp\/v2\/product_cat?post=1931"},{"taxonomy":"product_tag","embeddable":true,"href":"https:\/\/institutoleal.com.br\/novo\/wp-json\/wp\/v2\/product_tag?post=1931"}],"curies":[{"name":"wp","href":"https:\/\/api.w.org\/{rel}","templated":true}]}}