{"id":1929,"date":"2025-08-07T12:36:33","date_gmt":"2025-08-07T15:36:33","guid":{"rendered":"https:\/\/institutoleal.com.br\/novo\/?post_type=product&#038;p=1929"},"modified":"2025-08-07T12:36:33","modified_gmt":"2025-08-07T15:36:33","slug":"pos-graduacao-em-psiquiatria-clinica-ead","status":"publish","type":"product","link":"https:\/\/institutoleal.com.br\/novo\/especializacao\/pos-graduacao-em-psiquiatria-clinica-ead\/","title":{"rendered":"P\u00f3s Gradua\u00e7\u00e3o em Psiquiatria Cl\u00ednica \u2013 EAD"},"content":{"rendered":"<h4><strong>P\u00fablico Alvo:<\/strong><\/h4>\n<p>M\u00e9dicos.<\/p>\n<h4><strong>Carga Hor\u00e1ria:<\/strong><\/h4>\n<p>576 H\/a<\/p>\n<h4><strong>Informa\u00e7\u00f5es adicionais:<\/strong><\/h4>\n<ul>\n<li>Curso de p\u00f3s reconhecido pelo MEC<\/li>\n<li>N\u00e3o precisa ter CRM<\/li>\n<li>N\u00e3o precisa da entrega do TCC \/ Artigo<\/li>\n<li>Aulas 100% onlines<\/li>\n<li>Professores Qualificados<\/li>\n<li>Fa\u00e7a a qualquer momento<\/li>\n<\/ul>\n<p class=\"ds-markdown-paragraph\"><strong>P\u00f3s-Gradua\u00e7\u00e3o em Psiquiatria Cl\u00ednica 100% Online<\/strong><br \/>\n<em>Certifica\u00e7\u00e3o Reconhecida pelo MEC &#8211; Forma\u00e7\u00e3o Completa para Atua\u00e7\u00e3o em Sa\u00fade Mental<\/em><\/p>\n<hr \/>\n<h3><strong>Conte\u00fado Program\u00e1tico Organizado por \u00c1reas de Conhecimento<\/strong><\/h3>\n<h4><strong>1. Fundamentos em Psiquiatria (72h)<\/strong><\/h4>\n<ul>\n<li>\n<p class=\"ds-markdown-paragraph\">Psicopatologia e psicoterapias (24h)<\/p>\n<\/li>\n<li>\n<p class=\"ds-markdown-paragraph\">Neuroanatomia funcional e comportamental \/ Neuroimagem em psiquiatria (24h)<\/p>\n<\/li>\n<li>\n<p class=\"ds-markdown-paragraph\">Diagn\u00f3sticos sindr\u00f4micos e nosol\u00f3gicos: Classifica\u00e7\u00e3o CID (24h)<\/p>\n<\/li>\n<\/ul>\n<h4><strong>2. Psicofarmacologia e Terap\u00eauticas (48h)<\/strong><\/h4>\n<ul>\n<li>\n<p class=\"ds-markdown-paragraph\">Psicofarmacologia e psicofarmacoterapia \/ Eletroconvulsoterapia (24h)<\/p>\n<\/li>\n<li>\n<p class=\"ds-markdown-paragraph\">Emerg\u00eancias psiqui\u00e1tricas \/ Neuropsicologia (24h)<\/p>\n<\/li>\n<\/ul>\n<h4><strong>3. Transtornos Mentais (192h)<\/strong><\/h4>\n<ul>\n<li>\n<p class=\"ds-markdown-paragraph\">Transtornos psic\u00f3ticos (24h)<\/p>\n<\/li>\n<li>\n<p class=\"ds-markdown-paragraph\">Transtornos de humor (24h)<\/p>\n<\/li>\n<li>\n<p class=\"ds-markdown-paragraph\">Transtornos f\u00f3bico-ansiosos (24h)<\/p>\n<\/li>\n<li>\n<p class=\"ds-markdown-paragraph\">Transtornos alimentares e somatoformes (24h)<\/p>\n<\/li>\n<li>\n<p class=\"ds-markdown-paragraph\">Transtornos relacionados a subst\u00e2ncias (24h)<\/p>\n<\/li>\n<li>\n<p class=\"ds-markdown-paragraph\">Transtornos de personalidade (24h)<\/p>\n<\/li>\n<li>\n<p class=\"ds-markdown-paragraph\">TDAH e transtornos do desenvolvimento (24h)<\/p>\n<\/li>\n<li>\n<p class=\"ds-markdown-paragraph\">Transtornos dissociativos e fact\u00edcios (24h)<\/p>\n<\/li>\n<\/ul>\n<h4><strong>4. Psiquiatria Especializada (96h)<\/strong><\/h4>\n<ul>\n<li>\n<p class=\"ds-markdown-paragraph\">Psiquiatria forense (24h)<\/p>\n<\/li>\n<li>\n<p class=\"ds-markdown-paragraph\">Psiquiatria geri\u00e1trica (Delirium, dem\u00eancia) (24h)<\/p>\n<\/li>\n<li>\n<p class=\"ds-markdown-paragraph\">Psiquiatria infantil e adolescente (24h)<\/p>\n<\/li>\n<li>\n<p class=\"ds-markdown-paragraph\">Sa\u00fade mental perinatal (24h)<\/p>\n<\/li>\n<\/ul>\n<h4><strong>5. T\u00f3picos Avan\u00e7ados (72h)<\/strong><\/h4>\n<ul>\n<li>\n<p class=\"ds-markdown-paragraph\">Disforia de g\u00eanero (24h)<\/p>\n<\/li>\n<li>\n<p class=\"ds-markdown-paragraph\">Transtornos do sono (24h)<\/p>\n<\/li>\n<li>\n<p class=\"ds-markdown-paragraph\">Aspectos neuropsiqui\u00e1tricos do HIV (24h)<\/p>\n<\/li>\n<\/ul>\n<h4><strong>6. M\u00f3dulos Complementares (48h)<\/strong><\/h4>\n<ul>\n<li>\n<p class=\"ds-markdown-paragraph\">Direito M\u00e9dico (24h)<\/p>\n<\/li>\n<li>\n<p class=\"ds-markdown-paragraph\">Metodologia de pesquisa (24h)<\/p>\n<\/li>\n<\/ul>\n<hr \/>\n<h3><strong>Diferenciais do Curso<\/strong><\/h3>\n<p class=\"ds-markdown-paragraph\">\u2714 Abordagem\u00a0<strong>pr\u00e1tica e baseada em casos cl\u00ednicos<\/strong><br \/>\n\u2714 Atualiza\u00e7\u00e3o conforme\u00a0<strong>CID-11<\/strong>\u00a0e DSM-5<br \/>\n\u2714 Professores\u00a0<strong>atuantes em hospitais de refer\u00eancia<\/strong><br \/>\n\u2714\u00a0<strong>Material complementar<\/strong>\u00a0com protocolos de tratamento<\/p>\n\n                    <div class=\"twwr-container twwr-chat-std twwr-woocommerce\" data-rot-id=\"1513\">\n                \n        <div class=\"agent-list-item\">\n\n            <a href=\"https:\/\/institutoleal.com.br\/novo\/wa\/contato-cursos\/?agent=1490&#038;number=+5544998624680&#038;ref=https:\/\/institutoleal.com.br\/novo\/especializacao\/pos-graduacao-em-psiquiatria-clinica-ead\/\" class=\"twwr-wa-button Online\" rel=\"nofollow\" title=\"Online | Hubungi : +5544998624680 (Atendimento)\" data-agent=\"1490\"  data-number=\"+5544998624680\" data-chat=\"1513\">\n                <span class=\"agent-avatar-fig\">\n                                    <\/span>\n                <span class=\"agent-detail-fig\">\n                    <span class=\"agent-label\">\n                        <span class=\"agent-name\">Atendimento<\/span>\n                        <span class=\"department\"><\/span>\n                        <span class=\"status\">Online<\/span>\n                    <\/span>\n                    \n                    <span class=\"agent-number\">WA : +5544998624680<\/span>\n                    <span class=\"agent-message\">Chame no WhatsApp<\/span>\n                <\/span>\n                <span class=\"chat\">Chat<\/span>\n            <\/a>\n        <\/div>\n                                    <\/div>\n        \n<h2><strong>Regras e Avalia\u00e7\u00e3o<\/strong><\/h2>\n<p>Estes cursos s\u00e3o exclusivamente on-line, e por conta disso existem regras e crit\u00e9rios que definem como os alunos devem proceder, tais como:<\/p>\n<ul>\n<li>Frequ\u00eancia m\u00ednima de 75%<\/li>\n<li>M\u00e9dia m\u00ednima para aprova\u00e7\u00e3o de 70 (setenta)<\/li>\n<\/ul>\n<p>Todos os m\u00f3dulos do curso est\u00e3o dispon\u00edveis para o aluno na plataforma de ensino.<\/p>\n<p>Ap\u00f3s concluir cada m\u00f3dulo, o aluno dever\u00e1 realizar a atividade correspondente, que est\u00e1 dispon\u00edvel na plataforma. O aluno pode refazer a prova quantas vezes desejar, sem custos adicionais.<\/p>\n","protected":false},"excerpt":{"rendered":"<h2><strong>Metodologia<\/strong><\/h2>\n<p>As metodologias adotadas pelo nosso corpo docente est\u00e3o de acordo com &#8230; <\/p>\n","protected":false},"featured_media":1930,"comment_status":"closed","ping_status":"closed","template":"","meta":[],"product_brand":[],"product_cat":[105],"product_tag":[],"class_list":{"0":"post-1929","1":"product","2":"type-product","3":"status-publish","4":"has-post-thumbnail","6":"product_cat-ead","8":"first","9":"instock","10":"shipping-taxable","11":"product-type-simple"},"_links":{"self":[{"href":"https:\/\/institutoleal.com.br\/novo\/wp-json\/wp\/v2\/product\/1929","targetHints":{"allow":["GET"]}}],"collection":[{"href":"https:\/\/institutoleal.com.br\/novo\/wp-json\/wp\/v2\/product"}],"about":[{"href":"https:\/\/institutoleal.com.br\/novo\/wp-json\/wp\/v2\/types\/product"}],"replies":[{"embeddable":true,"href":"https:\/\/institutoleal.com.br\/novo\/wp-json\/wp\/v2\/comments?post=1929"}],"wp:featuredmedia":[{"embeddable":true,"href":"https:\/\/institutoleal.com.br\/novo\/wp-json\/wp\/v2\/media\/1930"}],"wp:attachment":[{"href":"https:\/\/institutoleal.com.br\/novo\/wp-json\/wp\/v2\/media?parent=1929"}],"wp:term":[{"taxonomy":"product_brand","embeddable":true,"href":"https:\/\/institutoleal.com.br\/novo\/wp-json\/wp\/v2\/product_brand?post=1929"},{"taxonomy":"product_cat","embeddable":true,"href":"https:\/\/institutoleal.com.br\/novo\/wp-json\/wp\/v2\/product_cat?post=1929"},{"taxonomy":"product_tag","embeddable":true,"href":"https:\/\/institutoleal.com.br\/novo\/wp-json\/wp\/v2\/product_tag?post=1929"}],"curies":[{"name":"wp","href":"https:\/\/api.w.org\/{rel}","templated":true}]}}