{"id":1624,"date":"2025-03-19T09:00:04","date_gmt":"2025-03-19T12:00:04","guid":{"rendered":"https:\/\/institutoleal.com.br\/novo\/?post_type=product&#038;p=1624"},"modified":"2025-03-19T09:00:04","modified_gmt":"2025-03-19T12:00:04","slug":"pos-graduacao-em-u-t-i-pediatrica","status":"publish","type":"product","link":"https:\/\/institutoleal.com.br\/novo\/especializacao\/pos-graduacao-em-u-t-i-pediatrica\/","title":{"rendered":"P\u00f3s-Gradua\u00e7\u00e3o em U.T.I Pedi\u00e1trica"},"content":{"rendered":"<p><strong data-spm-anchor-id=\"a2ty_o01.29997173.0.i100.598ec921CNkeMw\">Estrutura Curricular<\/strong><\/p>\n<p data-spm-anchor-id=\"a2ty_o01.29997173.0.i99.598ec921CNkeMw\">Disciplina Carga Hor\u00e1ria<br \/>\nAcidentes e Traumas 24 h\/a<br \/>\nBioestat\u00edstica 12 h\/a<br \/>\nDist\u00farbios Hidroeletrol\u00edticos \/ Metab\u00f3licos 24 h\/a<br \/>\nInfec\u00e7\u00e3o na U.T.I Pedi\u00e1trica 24 h\/a<br \/>\nMetodologia de Pesquisa e Reda\u00e7\u00e3o de Artigo Cient\u00edfico 36 h\/a<br \/>\nNeonatologia 48 h\/a<br \/>\nNutri\u00e7\u00e3o do Paciente Criticamente Enfermo 12 h\/a<br \/>\nPaciente Hematol\u00f3gico \/ Oncol\u00f3gico 24 h\/a<br \/>\nProcedimentos em UTI Pedi\u00e1trica 24 h\/a<br \/>\nReanima\u00e7\u00e3o Neonatal 24 h\/a<br \/>\nSepse 24 h\/a<br \/>\nSistema Cardiovascular 24 h\/a<br \/>\nSistema End\u00f3crino 24 h\/a<br \/>\nSistema Gastro-Hep\u00e1tico 12 h\/a<br \/>\nSistema Nervoso 24 h\/a<br \/>\nSistema Renal 24 h\/a<br \/>\nSistema Respirat\u00f3rio 12 h\/a<br \/>\nSuporte Avan\u00e7ado de Vida 24 h\/a<br \/>\nVentila\u00e7\u00e3o Pulmonar Mec\u00e2nica 24 h\/a<\/p>\n<div class=\"my-2\"><\/div>\n<hr \/>\n<p><strong>Metodologia de Ensino<\/strong><br \/>\nAs metodologias adotadas pelo corpo docente est\u00e3o alinhadas com a realidade de cada curso e com as atividades que os alunos ir\u00e3o exercer. Utilizamos desde recursos tradicionais, como quadros de giz, at\u00e9 sistemas avan\u00e7ados de exposi\u00e7\u00e3o, al\u00e9m de dar grande \u00eanfase \u00e0s atividades pr\u00e1ticas, especialmente nos cursos da \u00e1rea da sa\u00fade.<\/p>\n<div class=\"my-2\"><\/div>\n<hr \/>\n<p><strong>Crit\u00e9rios de Avalia\u00e7\u00e3o e Regras<\/strong><br \/>\nPara garantir a excel\u00eancia do aprendizado, estabelecemos crit\u00e9rios claros de avalia\u00e7\u00e3o e participa\u00e7\u00e3o:<\/p>\n<ul>\n<li>Frequ\u00eancia m\u00ednima obrigat\u00f3ria: 75 por cento da carga hor\u00e1ria total.<\/li>\n<li>Como as aulas ocorrem aos s\u00e1bados e domingos, o aluno deve participar de pelo menos 3 dos 4 turnos dispon\u00edveis por m\u00f3dulo.<\/li>\n<\/ul>\n<div class=\"my-2\"><\/div>\n<p>M\u00e9dia m\u00ednima para aprova\u00e7\u00e3o: 7,0<br \/>\nAs avalia\u00e7\u00f5es s\u00e3o definidas pelos professores de cada disciplina.<\/p>\n<p>Entrega de Trabalho Final:<br \/>\nAp\u00f3s a conclus\u00e3o do curso, o aluno ter\u00e1 90 dias para entregar um artigo cient\u00edfico individual, aplicando os conhecimentos adquiridos durante o curso.<\/p>\n<div class=\"my-2\"><\/div>\n<hr \/>\n<p><strong>Por Que Escolher o Instituto Leal<\/strong><\/p>\n<ul>\n<li>Qualidade reconhecida: Curso certificado pelo MEC, com corpo docente renomado.<\/li>\n<li>Forma\u00e7\u00e3o pr\u00e1tica e atualizada: Conte\u00fado alinhado \u00e0s melhores pr\u00e1ticas da medicina moderna.<\/li>\n<li>Impacto na carreira: Amplie suas compet\u00eancias e destaque-se no mercado m\u00e9dico.<\/li>\n<li>Flexibilidade para profissionais ativos: Aulas aos finais de semana, respeitando a rotina de trabalho dos m\u00e9dicos.<\/li>\n<\/ul>\n<div class=\"my-2\"><\/div>\n<hr \/>\n<p><strong>Pr\u00f3ximos Passos<\/strong><br \/>\nSe voc\u00ea deseja se especializar em U.T.I Pedi\u00e1trica e impactar positivamente a vida de seus pacientes, inscreva-se hoje mesmo. Entre em contato conosco para mais informa\u00e7\u00f5es sobre o processo seletivo e valores.<\/p>\n<p data-spm-anchor-id=\"a2ty_o01.29997173.0.i101.598ec921CNkeMw\">Transforme sua paix\u00e3o pela medicina em resultados tang\u00edveis com o Instituto Leal.<\/p>\n<p data-spm-anchor-id=\"a2ty_o01.29997173.0.i101.598ec921CNkeMw\">\n\n                    <div class=\"twwr-container twwr-chat-std twwr-woocommerce\" data-rot-id=\"1513\">\n                \n        <div class=\"agent-list-item\">\n\n            <a href=\"https:\/\/institutoleal.com.br\/novo\/wa\/contato-cursos\/?agent=1490&#038;number=+5544998624680&#038;ref=https:\/\/institutoleal.com.br\/novo\/especializacao\/pos-graduacao-em-u-t-i-pediatrica\/\" class=\"twwr-wa-button Online\" rel=\"nofollow\" title=\"Online | Hubungi : +5544998624680 (Atendimento)\" data-agent=\"1490\"  data-number=\"+5544998624680\" data-chat=\"1513\">\n                <span class=\"agent-avatar-fig\">\n                                    <\/span>\n                <span class=\"agent-detail-fig\">\n                    <span class=\"agent-label\">\n                        <span class=\"agent-name\">Atendimento<\/span>\n                        <span class=\"department\"><\/span>\n                        <span class=\"status\">Online<\/span>\n                    <\/span>\n                    \n                    <span class=\"agent-number\">WA : +5544998624680<\/span>\n                    <span class=\"agent-message\">Chame no WhatsApp<\/span>\n                <\/span>\n                <span class=\"chat\">Chat<\/span>\n            <\/a>\n        <\/div>\n                                    <\/div>\n        \n","protected":false},"excerpt":{"rendered":"<p><strong data-spm-anchor-id=\"a2ty_o01.29997173.0.i95.598ec921CNkeMw\">P\u00f3s-Gradua\u00e7\u00e3o em U.T.I Pedi\u00e1trica<\/strong><br \/>\n<strong>Instituto Leal \u2013 Educa\u00e7\u00e3o de Excel\u00eancia para &#8230; <\/p>\n","protected":false},"featured_media":1625,"comment_status":"closed","ping_status":"closed","template":"","meta":[],"product_brand":[],"product_cat":[15],"product_tag":[],"class_list":{"0":"post-1624","1":"product","2":"type-product","3":"status-publish","4":"has-post-thumbnail","6":"product_cat-medicina","8":"first","9":"instock","10":"shipping-taxable","11":"product-type-simple"},"_links":{"self":[{"href":"https:\/\/institutoleal.com.br\/novo\/wp-json\/wp\/v2\/product\/1624","targetHints":{"allow":["GET"]}}],"collection":[{"href":"https:\/\/institutoleal.com.br\/novo\/wp-json\/wp\/v2\/product"}],"about":[{"href":"https:\/\/institutoleal.com.br\/novo\/wp-json\/wp\/v2\/types\/product"}],"replies":[{"embeddable":true,"href":"https:\/\/institutoleal.com.br\/novo\/wp-json\/wp\/v2\/comments?post=1624"}],"wp:featuredmedia":[{"embeddable":true,"href":"https:\/\/institutoleal.com.br\/novo\/wp-json\/wp\/v2\/media\/1625"}],"wp:attachment":[{"href":"https:\/\/institutoleal.com.br\/novo\/wp-json\/wp\/v2\/media?parent=1624"}],"wp:term":[{"taxonomy":"product_brand","embeddable":true,"href":"https:\/\/institutoleal.com.br\/novo\/wp-json\/wp\/v2\/product_brand?post=1624"},{"taxonomy":"product_cat","embeddable":true,"href":"https:\/\/institutoleal.com.br\/novo\/wp-json\/wp\/v2\/product_cat?post=1624"},{"taxonomy":"product_tag","embeddable":true,"href":"https:\/\/institutoleal.com.br\/novo\/wp-json\/wp\/v2\/product_tag?post=1624"}],"curies":[{"name":"wp","href":"https:\/\/api.w.org\/{rel}","templated":true}]}}