{"id":1620,"date":"2025-03-19T08:55:48","date_gmt":"2025-03-19T11:55:48","guid":{"rendered":"https:\/\/institutoleal.com.br\/novo\/?post_type=product&#038;p=1620"},"modified":"2025-03-19T08:55:48","modified_gmt":"2025-03-19T11:55:48","slug":"pos-graduacao-em-ultrassonografia-geral","status":"publish","type":"product","link":"https:\/\/institutoleal.com.br\/novo\/especializacao\/pos-graduacao-em-ultrassonografia-geral\/","title":{"rendered":"P\u00f3s gradua\u00e7\u00e3o em Ultrassonografia Geral"},"content":{"rendered":"<p><strong data-spm-anchor-id=\"a2ty_o01.29997173.0.i93.598ec921CNkeMw\">Diferenciais do Curso<\/strong><\/p>\n<ul>\n<li>Corpo docente altamente qualificado: Professores com vasta experi\u00eancia acad\u00eamica e pr\u00e1tica na \u00e1rea de sa\u00fade.<\/li>\n<li>Reconhecimento pelo MEC: Garantia de qualidade e credibilidade no ensino.<\/li>\n<li>Metodologias inovadoras: Aulas din\u00e2micas que combinam tecnologia de ponta com pr\u00e1ticas cl\u00ednicas reais.<\/li>\n<li>Foco em pr\u00e1tica: Enfatizamos atividades pr\u00e1ticas para consolidar o aprendizado e preparar os alunos para situa\u00e7\u00f5es reais.<\/li>\n<\/ul>\n<div class=\"my-2\"><\/div>\n<p><strong>Estrutura Curricular<\/strong><\/p>\n<p>Disciplina Carga Hor\u00e1ria<br \/>\nUltrassonografia Abdominal 48 h\/a<br \/>\nUltrassonografia Pedi\u00e1trica 24 h\/a<br \/>\nUltrassonografia de Mama 24 h\/a<br \/>\nUltrassonografia de Tireoide 24 h\/a<br \/>\nUltrassonografia em Ginecologia 24 h\/a<br \/>\nUltrassonografia em Obstetr\u00edcia 48 h\/a<br \/>\nUltrassonografia \u00e0 Beira do Leito 24 h\/a<br \/>\nUltrassonografia em M\u00fasculo Esquel\u00e9tico 48 h\/a<br \/>\nUltrassonografia Vascular 48 h\/a<br \/>\nMetodologia de Pesquisa &#8211; EaD 24 h\/a<br \/>\nDireito M\u00e9dico &#8211; EaD 24 h\/a<\/p>\n<div class=\"my-2\"><\/div>\n<hr \/>\n<p><strong>Metodologia de Ensino<\/strong><br \/>\nAs metodologias adotadas pelo corpo docente est\u00e3o alinhadas com a realidade de cada curso e com as atividades que os alunos ir\u00e3o exercer. Utilizamos desde recursos tradicionais, como quadros de giz, at\u00e9 sistemas avan\u00e7ados de exposi\u00e7\u00e3o, al\u00e9m de dar grande \u00eanfase \u00e0s atividades pr\u00e1ticas, especialmente nos cursos da \u00e1rea da sa\u00fade.<\/p>\n<div class=\"my-2\"><\/div>\n<hr \/>\n<p><strong>Crit\u00e9rios de Avalia\u00e7\u00e3o e Regras<\/strong><br \/>\nPara garantir a excel\u00eancia do aprendizado, estabelecemos crit\u00e9rios claros de avalia\u00e7\u00e3o e participa\u00e7\u00e3o:<\/p>\n<ul>\n<li>Frequ\u00eancia m\u00ednima obrigat\u00f3ria: 75 por cento da carga hor\u00e1ria total.<\/li>\n<li>As aulas ocorrem em 4 dias a cada dois meses ou mensalmente, dependendo da regi\u00e3o onde o curso \u00e9 ofertado, sendo realizadas somente em um final de semana por m\u00eas.<\/li>\n<li>M\u00e9dia m\u00ednima para aprova\u00e7\u00e3o: 7,0<\/li>\n<li>As avalia\u00e7\u00f5es s\u00e3o definidas pelos professores de cada disciplina.<\/li>\n<\/ul>\n<div class=\"my-2\"><\/div>\n<p>Entrega de Trabalho Final:<br \/>\nAp\u00f3s a conclus\u00e3o do curso, o aluno ter\u00e1 90 dias para entregar um artigo cient\u00edfico individual, aplicando os conhecimentos adquiridos durante o curso.<\/p>\n<div class=\"my-2\"><\/div>\n<hr \/>\n<p><strong>Por Que Escolher o Instituto Leal<\/strong><\/p>\n<ul>\n<li>Qualidade reconhecida: Curso certificado pelo MEC, com corpo docente renomado.<\/li>\n<li>Forma\u00e7\u00e3o pr\u00e1tica e atualizada: Conte\u00fado alinhado \u00e0s melhores pr\u00e1ticas da medicina moderna.<\/li>\n<li>Impacto na carreira: Amplie suas compet\u00eancias e destaque-se no mercado m\u00e9dico.<\/li>\n<li>Flexibilidade para profissionais ativos: Aulas concentradas em poucos dias por m\u00eas, respeitando a rotina de trabalho dos m\u00e9dicos.<\/li>\n<\/ul>\n<div class=\"my-2\"><\/div>\n<hr \/>\n<p><strong>Pr\u00f3ximos Passos<\/strong><br \/>\nSe voc\u00ea deseja se especializar em ultrassonografia geral e impactar positivamente a vida de seus pacientes, inscreva-se hoje mesmo. Entre em contato conosco para mais informa\u00e7\u00f5es sobre o processo seletivo e valores.<\/p>\n<p data-spm-anchor-id=\"a2ty_o01.29997173.0.i94.598ec921CNkeMw\">Transforme sua paix\u00e3o pela medicina em resultados tang\u00edveis com o Instituto Leal.<\/p>\n\n                    <div class=\"twwr-container twwr-chat-std twwr-woocommerce\" data-rot-id=\"1513\">\n                \n        <div class=\"agent-list-item\">\n\n            <a href=\"https:\/\/institutoleal.com.br\/novo\/wa\/contato-cursos\/?agent=1490&#038;number=+5544998624680&#038;ref=https:\/\/institutoleal.com.br\/novo\/especializacao\/pos-graduacao-em-ultrassonografia-geral\/\" class=\"twwr-wa-button Online\" rel=\"nofollow\" title=\"Online | Hubungi : +5544998624680 (Atendimento)\" data-agent=\"1490\"  data-number=\"+5544998624680\" data-chat=\"1513\">\n                <span class=\"agent-avatar-fig\">\n                                    <\/span>\n                <span class=\"agent-detail-fig\">\n                    <span class=\"agent-label\">\n                        <span class=\"agent-name\">Atendimento<\/span>\n                        <span class=\"department\"><\/span>\n                        <span class=\"status\">Online<\/span>\n                    <\/span>\n                    \n                    <span class=\"agent-number\">WA : +5544998624680<\/span>\n                    <span class=\"agent-message\">Chame no WhatsApp<\/span>\n                <\/span>\n                <span class=\"chat\">Chat<\/span>\n            <\/a>\n        <\/div>\n                                    <\/div>\n        \n","protected":false},"excerpt":{"rendered":"<p><strong data-spm-anchor-id=\"a2ty_o01.29997173.0.i90.598ec921CNkeMw\">P\u00f3s-Gradua\u00e7\u00e3o em Ultrassonografia Geral<\/strong><br \/>\n<strong>Instituto Leal \u2013 Educa\u00e7\u00e3o de Excel\u00eancia para &#8230; <\/p>\n","protected":false},"featured_media":1621,"comment_status":"closed","ping_status":"closed","template":"","meta":[],"product_brand":[],"product_cat":[15],"product_tag":[],"class_list":{"0":"post-1620","1":"product","2":"type-product","3":"status-publish","4":"has-post-thumbnail","6":"product_cat-medicina","8":"first","9":"instock","10":"shipping-taxable","11":"product-type-simple"},"_links":{"self":[{"href":"https:\/\/institutoleal.com.br\/novo\/wp-json\/wp\/v2\/product\/1620","targetHints":{"allow":["GET"]}}],"collection":[{"href":"https:\/\/institutoleal.com.br\/novo\/wp-json\/wp\/v2\/product"}],"about":[{"href":"https:\/\/institutoleal.com.br\/novo\/wp-json\/wp\/v2\/types\/product"}],"replies":[{"embeddable":true,"href":"https:\/\/institutoleal.com.br\/novo\/wp-json\/wp\/v2\/comments?post=1620"}],"wp:featuredmedia":[{"embeddable":true,"href":"https:\/\/institutoleal.com.br\/novo\/wp-json\/wp\/v2\/media\/1621"}],"wp:attachment":[{"href":"https:\/\/institutoleal.com.br\/novo\/wp-json\/wp\/v2\/media?parent=1620"}],"wp:term":[{"taxonomy":"product_brand","embeddable":true,"href":"https:\/\/institutoleal.com.br\/novo\/wp-json\/wp\/v2\/product_brand?post=1620"},{"taxonomy":"product_cat","embeddable":true,"href":"https:\/\/institutoleal.com.br\/novo\/wp-json\/wp\/v2\/product_cat?post=1620"},{"taxonomy":"product_tag","embeddable":true,"href":"https:\/\/institutoleal.com.br\/novo\/wp-json\/wp\/v2\/product_tag?post=1620"}],"curies":[{"name":"wp","href":"https:\/\/api.w.org\/{rel}","templated":true}]}}