{"id":1612,"date":"2025-03-19T08:33:32","date_gmt":"2025-03-19T11:33:32","guid":{"rendered":"https:\/\/institutoleal.com.br\/novo\/?post_type=product&#038;p=1612"},"modified":"2025-03-19T08:33:32","modified_gmt":"2025-03-19T11:33:32","slug":"pos-graduacao-em-psiquiatria-clinica","status":"publish","type":"product","link":"https:\/\/institutoleal.com.br\/novo\/especializacao\/pos-graduacao-em-psiquiatria-clinica\/","title":{"rendered":"P\u00f3s-Gradua\u00e7\u00e3o em Psiquiatria Cl\u00ednica"},"content":{"rendered":"<p><strong data-spm-anchor-id=\"a2ty_o01.29997173.0.i82.598ec921CNkeMw\">Estrutura Curricular<\/strong><\/p>\n<p>Disciplina Carga Hor\u00e1ria<br \/>\nDiagn\u00f3stico Sindr\u00f4mico e Diagn\u00f3stico Nosol\u00f3gico 12 h\/a<br \/>\nClassifica\u00e7\u00e3o em Psiquiatria CID 12 h\/a<br \/>\nNeuroanatomia Funcional e Comportamental 12 h\/a<br \/>\nNeuroimagem em Psiquiatria 12 h\/a<br \/>\nPsicopatologias 12 h\/a<br \/>\nPsicoterapias 12 h\/a<br \/>\nPsicofarmacologia, Eletroconvulsoterapia 24 h\/a<br \/>\nS\u00edndromes Psiqui\u00e1tricas do Puerp\u00e9rio 12 h\/a<br \/>\nTranstorno de Humor 12 h\/a<br \/>\nTranstornos Psic\u00f3ticos 24 h\/a<br \/>\nTranstorno F\u00f3bico-Ansioso 12 h\/a<br \/>\nTranstorno de P\u00e2nico 12 h\/a<br \/>\nTranstorno de Ansiedade Generalizada 12 h\/a<br \/>\nTranstorno de Adapta\u00e7\u00e3o 12 h\/a<br \/>\nTranstorno de Estresse P\u00f3s-Traum\u00e1tico 12 h\/a<br \/>\nTranstorno Obsessivo-Compulsivo e Transtorno de H\u00e1bitos e Impulsos 24 h\/a<br \/>\nTranstorno de Desenvolvimento Psicol\u00f3gico, Comportamentais e Emocionais na Inf\u00e2ncia e Adolesc\u00eancia 24 h\/a<br \/>\nTranstorno de D\u00e9ficit de Aten\u00e7\u00e3o e Hiperatividade (TDAH) 24 h\/a<br \/>\nTranstorno de Personalidade 12 h\/a<br \/>\nRetardo Mental 12 h\/a<br \/>\nTranstorno Dissociativo 12 h\/a<br \/>\nTranstorno Relacionado ao Envelhecimento 12 h\/a<br \/>\nDelirium, Dem\u00eancia, Transtornos Amn\u00e9sticos e Cognitivos 24 h\/a<br \/>\nAspectos Neuropsiqui\u00e1tricos da Infec\u00e7\u00e3o por HIV\/AIDS 24 h\/a<br \/>\nEmerg\u00eancias Psiqui\u00e1tricas 12 h\/a<br \/>\nNeuropsicologia e Neuropsiquiatria 12 h\/a<br \/>\nTranstornos Relacionados ao Uso de \u00c1lcool e Subst\u00e2ncias Psicoativas 12 h\/a<br \/>\nTranstorno Somat\u00f3forme 12 h\/a<br \/>\nTranstornos Alimentares 12 h\/a<br \/>\nTranstorno Fact\u00edcio, Simula\u00e7\u00e3o, N\u00e3o Ades\u00e3o ao Tratamento 24 h\/a<br \/>\nTranstorno de Identidade e da Prefer\u00eancia Sexual 24 h\/a<br \/>\nPsiquiatria Forense 24 h\/a<br \/>\nMetodologia de Pesquisa Cient\u00edfica &#8211; EaD 24 h\/a<\/p>\n<p><strong>Metodologia de Ensino<\/strong><br \/>\nAs metodologias adotadas pelo corpo docente est\u00e3o alinhadas com a realidade de cada curso e com as atividades que os alunos ir\u00e3o exercer. Utilizamos desde recursos tradicionais, como quadros de giz, at\u00e9 sistemas avan\u00e7ados de exposi\u00e7\u00e3o, al\u00e9m de dar grande \u00eanfase \u00e0s atividades pr\u00e1ticas, especialmente nos cursos da \u00e1rea da sa\u00fade.<\/p>\n<p><strong>Crit\u00e9rios de Avalia\u00e7\u00e3o e Regras<\/strong><br \/>\nPara garantir a excel\u00eancia do aprendizado, estabelecemos crit\u00e9rios claros de avalia\u00e7\u00e3o e participa\u00e7\u00e3o:<\/p>\n<p>Frequ\u00eancia m\u00ednima obrigat\u00f3ria: 75 por cento da carga hor\u00e1ria total.<br \/>\nComo as aulas ocorrem aos s\u00e1bados e domingos, o aluno deve participar de pelo menos 3 dos 4 turnos dispon\u00edveis por m\u00f3dulo.<\/p>\n<p>M\u00e9dia m\u00ednima para aprova\u00e7\u00e3o: 7,0<br \/>\nAs avalia\u00e7\u00f5es s\u00e3o definidas pelos professores de cada disciplina.<\/p>\n<p>Entrega de Trabalho Final:<br \/>\nAp\u00f3s a conclus\u00e3o do curso, o aluno ter\u00e1 90 dias para entregar um artigo cient\u00edfico individual, aplicando os conhecimentos adquiridos durante o curso.<\/p>\n<p><strong>Por Que Escolher o Instituto Leal<\/strong><br \/>\nQualidade reconhecida: Curso certificado pelo MEC, com corpo docente renomado.<br \/>\nForma\u00e7\u00e3o pr\u00e1tica e atualizada: Conte\u00fado alinhado \u00e0s melhores pr\u00e1ticas da medicina moderna.<br \/>\nImpacto na carreira: Amplie suas compet\u00eancias e destaque-se no mercado m\u00e9dico.<br \/>\nFlexibilidade para profissionais ativos: Aulas aos finais de semana, respeitando a rotina de trabalho dos m\u00e9dicos.<\/p>\n<p><strong>Pr\u00f3ximos Passos<\/strong><br \/>\nSe voc\u00ea deseja se especializar em psiquiatria cl\u00ednica e impactar positivamente a vida de seus pacientes, inscreva-se hoje mesmo. Entre em contato conosco para mais informa\u00e7\u00f5es sobre o processo seletivo e valores.<\/p>\n<p data-spm-anchor-id=\"a2ty_o01.29997173.0.i83.598ec921CNkeMw\">Transforme sua paix\u00e3o pela medicina em resultados tang\u00edveis com o Instituto Leal.<\/p>\n<p data-spm-anchor-id=\"a2ty_o01.29997173.0.i83.598ec921CNkeMw\">\n                    <div class=\"twwr-container twwr-chat-std twwr-woocommerce\" data-rot-id=\"1513\">\n                \n        <div class=\"agent-list-item\">\n\n            <a href=\"https:\/\/institutoleal.com.br\/novo\/wa\/contato-cursos\/?agent=1490&#038;number=+5544998624680&#038;ref=https:\/\/institutoleal.com.br\/novo\/especializacao\/pos-graduacao-em-psiquiatria-clinica\/\" class=\"twwr-wa-button Online\" rel=\"nofollow\" title=\"Online | Hubungi : +5544998624680 (Atendimento)\" data-agent=\"1490\"  data-number=\"+5544998624680\" data-chat=\"1513\">\n                <span class=\"agent-avatar-fig\">\n                                    <\/span>\n                <span class=\"agent-detail-fig\">\n                    <span class=\"agent-label\">\n                        <span class=\"agent-name\">Atendimento<\/span>\n                        <span class=\"department\"><\/span>\n                        <span class=\"status\">Online<\/span>\n                    <\/span>\n                    \n                    <span class=\"agent-number\">WA : +5544998624680<\/span>\n                    <span class=\"agent-message\">Chame no WhatsApp<\/span>\n                <\/span>\n                <span class=\"chat\">Chat<\/span>\n            <\/a>\n        <\/div>\n                                    <\/div>\n","protected":false},"excerpt":{"rendered":"<p><strong data-spm-anchor-id=\"a2ty_o01.29997173.0.i77.598ec921CNkeMw\">P\u00f3s-Gradua\u00e7\u00e3o em Psiquiatria Cl\u00ednica<\/strong><br \/>\n<strong data-spm-anchor-id=\"a2ty_o01.29997173.0.i79.598ec921CNkeMw\">Instituto Leal \u2013 Educa\u00e7\u00e3o de Excel\u00eancia &#8230; <\/p>\n","protected":false},"featured_media":1613,"comment_status":"closed","ping_status":"closed","template":"","meta":[],"product_brand":[],"product_cat":[15],"product_tag":[],"class_list":{"0":"post-1612","1":"product","2":"type-product","3":"status-publish","4":"has-post-thumbnail","6":"product_cat-medicina","8":"first","9":"instock","10":"shipping-taxable","11":"product-type-simple"},"_links":{"self":[{"href":"https:\/\/institutoleal.com.br\/novo\/wp-json\/wp\/v2\/product\/1612","targetHints":{"allow":["GET"]}}],"collection":[{"href":"https:\/\/institutoleal.com.br\/novo\/wp-json\/wp\/v2\/product"}],"about":[{"href":"https:\/\/institutoleal.com.br\/novo\/wp-json\/wp\/v2\/types\/product"}],"replies":[{"embeddable":true,"href":"https:\/\/institutoleal.com.br\/novo\/wp-json\/wp\/v2\/comments?post=1612"}],"wp:featuredmedia":[{"embeddable":true,"href":"https:\/\/institutoleal.com.br\/novo\/wp-json\/wp\/v2\/media\/1613"}],"wp:attachment":[{"href":"https:\/\/institutoleal.com.br\/novo\/wp-json\/wp\/v2\/media?parent=1612"}],"wp:term":[{"taxonomy":"product_brand","embeddable":true,"href":"https:\/\/institutoleal.com.br\/novo\/wp-json\/wp\/v2\/product_brand?post=1612"},{"taxonomy":"product_cat","embeddable":true,"href":"https:\/\/institutoleal.com.br\/novo\/wp-json\/wp\/v2\/product_cat?post=1612"},{"taxonomy":"product_tag","embeddable":true,"href":"https:\/\/institutoleal.com.br\/novo\/wp-json\/wp\/v2\/product_tag?post=1612"}],"curies":[{"name":"wp","href":"https:\/\/api.w.org\/{rel}","templated":true}]}}