{"id":1586,"date":"2025-03-19T08:05:19","date_gmt":"2025-03-19T11:05:19","guid":{"rendered":"https:\/\/institutoleal.com.br\/novo\/?post_type=product&#038;p=1586"},"modified":"2025-03-19T08:05:19","modified_gmt":"2025-03-19T11:05:19","slug":"pos-graduacao-em-neuropsicologia","status":"publish","type":"product","link":"https:\/\/institutoleal.com.br\/novo\/especializacao\/pos-graduacao-em-neuropsicologia\/","title":{"rendered":"P\u00f3s-Gradua\u00e7\u00e3o em Neuropsicologia"},"content":{"rendered":"<p><strong data-spm-anchor-id=\"a2ty_o01.29997173.0.i42.598ec921CNkeMw\">Estrutura Curricular<\/strong><\/p>\n<p>Disciplina Carga Hor\u00e1ria<br \/>\nINTRODU\u00c7\u00c3O \u00c0 NEUROPSICOLOGIA 24 h\/a<br \/>\nNEUROANATOMIA 12 h\/a<br \/>\nFUN\u00c7\u00d5ES COGNITIVAS 12 h\/a<br \/>\nDISFUN\u00c7\u00d5ES COGNITIVAS E TESTES UTILIZADOS PARA AVALIA\u00c7\u00c3O 24 h\/a<br \/>\nPROCESSOS DE APRENDIZAGEM, LINGUAGEM E MEM\u00d3RIA 24 h\/a<br \/>\nDOEN\u00c7AS NEUROL\u00d3GICAS, NEUROCIR\u00daRGICAS, PSIQUI\u00c1TRICAS E END\u00d3CRINAS: DIAGN\u00d3STICOS, TRATAMENTO E PROGN\u00d3STICOS 36 h\/a<br \/>\nDOEN\u00c7AS, DA INF\u00c2NCIA AO ENVELHECIMENTO 36 h\/a<br \/>\nPERFIL NEUROPSICOL\u00d3GICO E FORMAS DE AVALIA\u00c7\u00c3O EM DOEN\u00c7AS NEUROL\u00d3GICAS, NEUROCIR\u00daRGICAS, PSIQUI\u00c1TRICAS E END\u00d3CRINAS, DA INF\u00c2NCIA AO ENVELHECIMENTO 24 h\/a<br \/>\nPSICOFARMACOLOGIA 24 h\/a<br \/>\nAVALIA\u00c7\u00d5ES NEUROPSICOL\u00d3GICAS 24 h\/a<br \/>\nINTRODU\u00c7\u00c3O \u00c0 REABILITA\u00c7\u00c3O COGNITIVA 24 h\/a<br \/>\nTERAPIA COGNITIVO-COMPORTAMENTAL, NEUROFEEDBACK E A NEUROPSICOLOGIA 24 h\/a<br \/>\nESTUDO DE CASOS 24 h\/a<br \/>\nPR\u00c1TICA E ATENDIMENTOS SUPERVISIONADOS 24 h\/a<br \/>\nSEMIN\u00c1RIOS E APRESENTA\u00c7\u00d5ES DE TRABALHOS 24 h\/a<br \/>\nMETODOLOGIA DE PESQUISA 24 h\/a<br \/>\nMETODOLOGIA DO ENSINO SUPERIOR 24 h\/a<\/p>\n<p><strong>Metodologia de Ensino<\/strong><br \/>\nAs metodologias adotadas pelo corpo docente est\u00e3o alinhadas com a realidade de cada curso e com as atividades que os alunos ir\u00e3o exercer. Utilizamos desde recursos tradicionais, como quadros de giz, at\u00e9 sistemas avan\u00e7ados de exposi\u00e7\u00e3o, al\u00e9m de dar grande \u00eanfase \u00e0s atividades pr\u00e1ticas, especialmente nos cursos da \u00e1rea da sa\u00fade.<\/p>\n<p><strong>Crit\u00e9rios de Avalia\u00e7\u00e3o e Regras<\/strong><br \/>\nPara garantir a excel\u00eancia do aprendizado, estabelecemos crit\u00e9rios claros de avalia\u00e7\u00e3o e participa\u00e7\u00e3o:<\/p>\n<p>Frequ\u00eancia m\u00ednima obrigat\u00f3ria: 75 por cento da carga hor\u00e1ria total.<br \/>\nComo as aulas ocorrem aos s\u00e1bados e domingos, o aluno deve participar de pelo menos 3 dos 4 turnos dispon\u00edveis por m\u00f3dulo.<\/p>\n<p>M\u00e9dia m\u00ednima para aprova\u00e7\u00e3o: 7,0<br \/>\nAs avalia\u00e7\u00f5es s\u00e3o definidas pelos professores de cada disciplina.<\/p>\n<p>Entrega de Trabalho Final:<br \/>\nAp\u00f3s a conclus\u00e3o do curso, o aluno ter\u00e1 90 dias para entregar um artigo cient\u00edfico individual, aplicando os conhecimentos adquiridos durante o curso.<\/p>\n<p><strong>Por Que Escolher o Instituto Leal<\/strong><br \/>\nQualidade reconhecida: Curso certificado pelo MEC, com corpo docente renomado.<br \/>\nForma\u00e7\u00e3o pr\u00e1tica e atualizada: Conte\u00fado alinhado \u00e0s melhores pr\u00e1ticas da psicologia moderna.<br \/>\nImpacto na carreira: Amplie suas compet\u00eancias e destaque-se no mercado profissional.<br \/>\nFlexibilidade para profissionais ativos: Aulas aos finais de semana, respeitando a rotina de trabalho dos psic\u00f3logos.<\/p>\n<p><strong>Pr\u00f3ximos Passos<\/strong><br \/>\nSe voc\u00ea deseja se especializar em neuropsicologia e impactar positivamente a vida de seus pacientes, inscreva-se hoje mesmo. Entre em contato conosco para mais informa\u00e7\u00f5es sobre o processo seletivo e valores.<\/p>\n<p data-spm-anchor-id=\"a2ty_o01.29997173.0.i43.598ec921CNkeMw\">Transforme sua paix\u00e3o pela psicologia em resultados tang\u00edveis com o Instituto Leal.<\/p>\n\n                    <div class=\"twwr-container twwr-chat-std twwr-woocommerce\" data-rot-id=\"1513\">\n                \n        <div class=\"agent-list-item\">\n\n            <a href=\"https:\/\/institutoleal.com.br\/novo\/wa\/contato-cursos\/?agent=1490&#038;number=+5544998624680&#038;ref=https:\/\/institutoleal.com.br\/novo\/especializacao\/pos-graduacao-em-neuropsicologia\/\" class=\"twwr-wa-button Online\" rel=\"nofollow\" title=\"Online | Hubungi : +5544998624680 (Atendimento)\" data-agent=\"1490\"  data-number=\"+5544998624680\" data-chat=\"1513\">\n                <span class=\"agent-avatar-fig\">\n                                    <\/span>\n                <span class=\"agent-detail-fig\">\n                    <span class=\"agent-label\">\n                        <span class=\"agent-name\">Atendimento<\/span>\n                        <span class=\"department\"><\/span>\n                        <span class=\"status\">Online<\/span>\n                    <\/span>\n                    \n                    <span class=\"agent-number\">WA : +5544998624680<\/span>\n                    <span class=\"agent-message\">Chame no WhatsApp<\/span>\n                <\/span>\n                <span class=\"chat\">Chat<\/span>\n            <\/a>\n        <\/div>\n                                    <\/div>\n        \n","protected":false},"excerpt":{"rendered":"<p data-spm-anchor-id=\"a2ty_o01.29997173.0.i40.598ec921CNkeMw\"><strong data-spm-anchor-id=\"a2ty_o01.29997173.0.i39.598ec921CNkeMw\">P\u00f3s-Gradua\u00e7\u00e3o em Neuropsicologia<\/strong><br \/>\n<strong>Instituto Leal \u2013 Educa\u00e7\u00e3o de Excel\u00eancia para &#8230; <\/p>\n","protected":false},"featured_media":1587,"comment_status":"closed","ping_status":"closed","template":"","meta":[],"product_brand":[],"product_cat":[15],"product_tag":[],"class_list":{"0":"post-1586","1":"product","2":"type-product","3":"status-publish","4":"has-post-thumbnail","6":"product_cat-medicina","8":"first","9":"instock","10":"shipping-taxable","11":"product-type-simple"},"_links":{"self":[{"href":"https:\/\/institutoleal.com.br\/novo\/wp-json\/wp\/v2\/product\/1586","targetHints":{"allow":["GET"]}}],"collection":[{"href":"https:\/\/institutoleal.com.br\/novo\/wp-json\/wp\/v2\/product"}],"about":[{"href":"https:\/\/institutoleal.com.br\/novo\/wp-json\/wp\/v2\/types\/product"}],"replies":[{"embeddable":true,"href":"https:\/\/institutoleal.com.br\/novo\/wp-json\/wp\/v2\/comments?post=1586"}],"wp:featuredmedia":[{"embeddable":true,"href":"https:\/\/institutoleal.com.br\/novo\/wp-json\/wp\/v2\/media\/1587"}],"wp:attachment":[{"href":"https:\/\/institutoleal.com.br\/novo\/wp-json\/wp\/v2\/media?parent=1586"}],"wp:term":[{"taxonomy":"product_brand","embeddable":true,"href":"https:\/\/institutoleal.com.br\/novo\/wp-json\/wp\/v2\/product_brand?post=1586"},{"taxonomy":"product_cat","embeddable":true,"href":"https:\/\/institutoleal.com.br\/novo\/wp-json\/wp\/v2\/product_cat?post=1586"},{"taxonomy":"product_tag","embeddable":true,"href":"https:\/\/institutoleal.com.br\/novo\/wp-json\/wp\/v2\/product_tag?post=1586"}],"curies":[{"name":"wp","href":"https:\/\/api.w.org\/{rel}","templated":true}]}}