{"id":1569,"date":"2025-03-19T07:48:27","date_gmt":"2025-03-19T10:48:27","guid":{"rendered":"https:\/\/institutoleal.com.br\/novo\/?post_type=product&#038;p=1569"},"modified":"2025-03-19T07:48:27","modified_gmt":"2025-03-19T10:48:27","slug":"pos-graduacao-em-geriatria","status":"publish","type":"product","link":"https:\/\/institutoleal.com.br\/novo\/especializacao\/pos-graduacao-em-geriatria\/","title":{"rendered":"P\u00f3s-Gradua\u00e7\u00e3o em Geriatria"},"content":{"rendered":"<p data-spm-anchor-id=\"a2ty_o01.29997173.0.i19.598ec921CNkeMw\"><strong>Estrutura Curricular<\/strong><\/p>\n<p>Disciplina Carga Hor\u00e1ria<br \/>\nAltera\u00e7\u00f5es Fisiol\u00f3gicas Associadas ao Envelhecimento 24 h\/a<br \/>\nAspectos Psicossociais do Tratamento do Idoso 24 h\/a<br \/>\nAtendimento Geri\u00e1trico a Idoso com Doen\u00e7as Metab\u00f3licas 24 h\/a<br \/>\nAtendimento Geri\u00e1trico em Domic\u00edlio 24 h\/a<br \/>\nAtendimento Geri\u00e1trico em Neuropsicogeriatria 24 h\/a<br \/>\nAtendimento a Idosos com Doen\u00e7as da Pele e do Sistema M\u00fasculo Esquel\u00e9tico 24 h\/a<br \/>\nAtendimento a Idosos com Doen\u00e7as do Aparelho Respirat\u00f3rio e Cardiovascular 24 h\/a<br \/>\nAtendimento a Idosos com Doen\u00e7as do Aparelho Urin\u00e1rio e \u00d3rg\u00e3os Reprodutores 24 h\/a<br \/>\n\u00c9tica do Cuidado \u00e0 Pessoa Idosa 12 h\/a<br \/>\nFarmacologia Geri\u00e1trica 24 h\/a<br \/>\nIntrodu\u00e7\u00e3o ao Estudo do Envelhecimento 12 h\/a<br \/>\nMetodologia de Pesquisa 36 h\/a<br \/>\nPol\u00edticas P\u00fablicas de Aten\u00e7\u00e3o ao Idoso 24 h\/a<br \/>\nPrincipais Patologias que Acometem a Pessoa Idosa e as S\u00edndromes Geri\u00e1tricas 24 h\/a<br \/>\nSistematiza\u00e7\u00e3o de Assist\u00eancia ao Paciente Idoso 24 h\/a<br \/>\nTratamento Geri\u00e1trico Interdisciplinar 24 h\/a<br \/>\nDoen\u00e7as Psiqui\u00e1tricas 24 h\/a<br \/>\nDoen\u00e7as Renais e de Trato Urin\u00e1rio 24 h\/a<br \/>\nDoen\u00e7as Respirat\u00f3rias 24 h\/a<br \/>\nFarmacoterapia 24 h\/a<br \/>\nFisiologia do Envelhecimento 24 h\/a<br \/>\nHipertens\u00e3o Arterial 24 h\/a<br \/>\nMetodologia da Pesquisa 36 h\/a<br \/>\nSa\u00fade Oral 12 h\/a<\/p>\n<p><strong>Metodologia de Ensino<\/strong><br \/>\nAs metodologias adotadas pelo corpo docente est\u00e3o alinhadas com a realidade de cada curso e com as atividades que os alunos ir\u00e3o exercer. Utilizamos desde recursos tradicionais, como quadros de giz, at\u00e9 sistemas avan\u00e7ados de exposi\u00e7\u00e3o, al\u00e9m de dar grande \u00eanfase \u00e0s atividades pr\u00e1ticas, especialmente nos cursos da \u00e1rea da sa\u00fade.<\/p>\n<p><strong>Crit\u00e9rios de Avalia\u00e7\u00e3o e Regras<\/strong><br \/>\nPara garantir a excel\u00eancia do aprendizado, estabelecemos crit\u00e9rios claros de avalia\u00e7\u00e3o e participa\u00e7\u00e3o:<\/p>\n<div class=\"my-2\"><\/div>\n<p>Frequ\u00eancia m\u00ednima obrigat\u00f3ria: 75 por cento da carga hor\u00e1ria total.<br \/>\nComo as aulas ocorrem aos s\u00e1bados e domingos, o aluno deve participar de pelo menos 3 dos 4 turnos dispon\u00edveis por m\u00f3dulo.<\/p>\n<p>M\u00e9dia m\u00ednima para aprova\u00e7\u00e3o: 7,0<br \/>\nAs avalia\u00e7\u00f5es s\u00e3o definidas pelos professores de cada disciplina.<\/p>\n<p>Entrega de Trabalho Final:<br \/>\nAp\u00f3s a conclus\u00e3o do curso, o aluno ter\u00e1 90 dias para entregar um artigo cient\u00edfico individual, aplicando os conhecimentos adquiridos durante o curso.<\/p>\n<p><strong>Por Que Escolher o Instituto Leal<\/strong><br \/>\nQualidade reconhecida: Curso certificado pelo MEC, com corpo docente renomado.<br \/>\nForma\u00e7\u00e3o pr\u00e1tica e atualizada: Conte\u00fado alinhado \u00e0s melhores pr\u00e1ticas da medicina moderna.<br \/>\nImpacto na carreira: Amplie suas compet\u00eancias e destaque-se no mercado m\u00e9dico.<br \/>\nFlexibilidade para profissionais ativos: Aulas aos finais de semana, respeitando a rotina de trabalho dos m\u00e9dicos.<\/p>\n<p><strong>Pr\u00f3ximos Passos<\/strong><br \/>\nSe voc\u00ea deseja se especializar em geriatria e impactar positivamente a vida de seus pacientes, inscreva-se hoje mesmo. Entre em contato conosco para mais informa\u00e7\u00f5es sobre o processo seletivo e valores.<\/p>\n<p data-spm-anchor-id=\"a2ty_o01.29997173.0.i21.598ec921CNkeMw\">Transforme sua paix\u00e3o pela medicina em resultados tang\u00edveis com o Instituto Leal.<\/p>\n<p>&nbsp;<\/p>\n\n                    <div class=\"twwr-container twwr-chat-std twwr-woocommerce\" data-rot-id=\"1513\">\n                \n        <div class=\"agent-list-item\">\n\n            <a href=\"https:\/\/institutoleal.com.br\/novo\/wa\/contato-cursos\/?agent=1490&#038;number=+5544998624680&#038;ref=https:\/\/institutoleal.com.br\/novo\/especializacao\/pos-graduacao-em-geriatria\/\" class=\"twwr-wa-button Online\" rel=\"nofollow\" title=\"Online | Hubungi : +5544998624680 (Atendimento)\" data-agent=\"1490\"  data-number=\"+5544998624680\" data-chat=\"1513\">\n                <span class=\"agent-avatar-fig\">\n                                    <\/span>\n                <span class=\"agent-detail-fig\">\n                    <span class=\"agent-label\">\n                        <span class=\"agent-name\">Atendimento<\/span>\n                        <span class=\"department\"><\/span>\n                        <span class=\"status\">Online<\/span>\n                    <\/span>\n                    \n                    <span class=\"agent-number\">WA : +5544998624680<\/span>\n                    <span class=\"agent-message\">Chame no WhatsApp<\/span>\n                <\/span>\n                <span class=\"chat\">Chat<\/span>\n            <\/a>\n        <\/div>\n                                    <\/div>\n        \n","protected":false},"excerpt":{"rendered":"<p><strong data-spm-anchor-id=\"a2ty_o01.29997173.0.i16.598ec921CNkeMw\">P\u00f3s-Gradua\u00e7\u00e3o em Geriatria<\/strong><br \/>\n<strong>Instituto Leal \u2013 Educa\u00e7\u00e3o de Excel\u00eancia para Profissionais &#8230; <\/p>\n","protected":false},"featured_media":1572,"comment_status":"closed","ping_status":"closed","template":"","meta":[],"product_brand":[],"product_cat":[15],"product_tag":[],"class_list":{"0":"post-1569","1":"product","2":"type-product","3":"status-publish","4":"has-post-thumbnail","6":"product_cat-medicina","8":"first","9":"instock","10":"shipping-taxable","11":"product-type-simple"},"_links":{"self":[{"href":"https:\/\/institutoleal.com.br\/novo\/wp-json\/wp\/v2\/product\/1569","targetHints":{"allow":["GET"]}}],"collection":[{"href":"https:\/\/institutoleal.com.br\/novo\/wp-json\/wp\/v2\/product"}],"about":[{"href":"https:\/\/institutoleal.com.br\/novo\/wp-json\/wp\/v2\/types\/product"}],"replies":[{"embeddable":true,"href":"https:\/\/institutoleal.com.br\/novo\/wp-json\/wp\/v2\/comments?post=1569"}],"wp:featuredmedia":[{"embeddable":true,"href":"https:\/\/institutoleal.com.br\/novo\/wp-json\/wp\/v2\/media\/1572"}],"wp:attachment":[{"href":"https:\/\/institutoleal.com.br\/novo\/wp-json\/wp\/v2\/media?parent=1569"}],"wp:term":[{"taxonomy":"product_brand","embeddable":true,"href":"https:\/\/institutoleal.com.br\/novo\/wp-json\/wp\/v2\/product_brand?post=1569"},{"taxonomy":"product_cat","embeddable":true,"href":"https:\/\/institutoleal.com.br\/novo\/wp-json\/wp\/v2\/product_cat?post=1569"},{"taxonomy":"product_tag","embeddable":true,"href":"https:\/\/institutoleal.com.br\/novo\/wp-json\/wp\/v2\/product_tag?post=1569"}],"curies":[{"name":"wp","href":"https:\/\/api.w.org\/{rel}","templated":true}]}}