{"id":1555,"date":"2025-03-19T07:27:03","date_gmt":"2025-03-19T10:27:03","guid":{"rendered":"https:\/\/institutoleal.com.br\/novo\/?post_type=product&#038;p=1555"},"modified":"2025-03-19T07:27:38","modified_gmt":"2025-03-19T10:27:38","slug":"pos-graduacao-em-cardiologia","status":"publish","type":"product","link":"https:\/\/institutoleal.com.br\/novo\/especializacao\/pos-graduacao-em-cardiologia\/","title":{"rendered":"P\u00f3s Gradua\u00e7\u00e3o em Cardiologia"},"content":{"rendered":"<p><strong>Estrutura Curricular<\/strong><\/p>\n<p>Disciplina Carga Hor\u00e1ria<br \/>\nAnatomia e Fisiologia 24 h\/a<br \/>\nBioestat\u00edstica 12 h\/a<br \/>\nBio\u00e9tica 12 h\/a<br \/>\nCardiologia Cir\u00fargica 24 h\/a<br \/>\nCardiologia Cl\u00ednica: Arritmias Card\u00edacas e Coronariopatias 24 h\/a<br \/>\nCardiologia Cl\u00ednica: Valvopatias, Hipertens\u00e3o e Insufici\u00eancia Card\u00edaca 24 h\/a<br \/>\nCardiologia Geri\u00e1trica 48 h\/a<br \/>\nCardiologia Pedi\u00e1trica 48 h\/a<br \/>\nFarmacologia em Cardiologia 24 h\/a<br \/>\nInterven\u00e7\u00f5es em Cardiologia 24 h\/a<br \/>\nMetodologia de Pesquisa e Reda\u00e7\u00e3o de Artigo Cient\u00edfico 36 h\/a<br \/>\nM\u00e9todos Diagn\u00f3sticos: Eletrocardiograma 12 h\/a<br \/>\nM\u00e9todos Diagn\u00f3sticos: Exames Complementares N\u00e3o Invasivos 12 h\/a<br \/>\nReabilita\u00e7\u00e3o Cardiovascular 24 h\/a<br \/>\nRessuscita\u00e7\u00e3o Cardio-Respirat\u00f3ria e Emerg\u00eancias Cardiol\u00f3gicas 24 h\/a<br \/>\nSemiologia em Cardiologia 24 h\/a<\/p>\n<p><strong>Metodologia de Ensino<\/strong><br \/>\nNosso curso \u00e9 desenvolvido com base em metodologias ativas e modernas, alinhadas \u00e0s demandas da pr\u00e1tica m\u00e9dica. Utilizamos recursos que v\u00e3o desde quadros tradicionais at\u00e9 ferramentas tecnol\u00f3gicas avan\u00e7adas, como simula\u00e7\u00f5es cl\u00ednicas e estudos de caso. O foco est\u00e1 na pr\u00e1tica cl\u00ednica, permitindo que os alunos apliquem os conhecimentos adquiridos em situa\u00e7\u00f5es reais.<\/p>\n<p><strong>Crit\u00e9rios de Avalia\u00e7\u00e3o e Regras<\/strong><br \/>\nPara garantir a excel\u00eancia do aprendizado, estabelecemos crit\u00e9rios claros de avalia\u00e7\u00e3o e participa\u00e7\u00e3o:<\/p>\n<p><strong>Frequ\u00eancia m\u00ednima obrigat\u00f3ria: 75 por cento da carga hor\u00e1ria total.<\/strong><br \/>\nComo as aulas ocorrem aos s\u00e1bados e domingos, o aluno deve participar de pelo menos 3 dos 4 turnos dispon\u00edveis por m\u00f3dulo.<\/p>\n<p><strong>M\u00e9dia m\u00ednima para aprova\u00e7\u00e3o: 7,0<\/strong><br \/>\nAs avalia\u00e7\u00f5es s\u00e3o definidas pelos professores de cada disciplina.<\/p>\n<p><strong>Entrega de Trabalho Final:<\/strong><br \/>\nAp\u00f3s a conclus\u00e3o do curso, o aluno ter\u00e1 90 dias para entregar um artigo cient\u00edfico individual, aplicando os conhecimentos adquiridos durante o curso.<\/p>\n<p><strong>Por Que Escolher o Instituto Leal<\/strong><br \/>\nQualidade reconhecida: Curso certificado pelo MEC, com corpo docente renomado.<br \/>\nForma\u00e7\u00e3o pr\u00e1tica e atualizada: Conte\u00fado alinhado \u00e0s melhores pr\u00e1ticas da cardiologia moderna.<br \/>\nImpacto na carreira: Amplie suas compet\u00eancias e destaque-se no mercado m\u00e9dico.<br \/>\nFlexibilidade para profissionais ativos: Aulas aos finais de semana, respeitando a rotina de trabalho dos m\u00e9dicos.<\/p>\n<p><strong>Pr\u00f3ximos Passos<\/strong><br \/>\nSe voc\u00ea deseja elevar sua carreira em cardiologia e impactar positivamente a vida de seus pacientes, inscreva-se hoje mesmo. Entre em contato conosco para mais informa\u00e7\u00f5es sobre o processo seletivo e valores.<\/p>\n<p>Transforme sua paix\u00e3o pela medicina em resultados tang\u00edveis com o Instituto Leal.<\/p>\n\n                    <div class=\"twwr-container twwr-chat-std twwr-woocommerce\" data-rot-id=\"1513\">\n                \n        <div class=\"agent-list-item\">\n\n            <a href=\"https:\/\/institutoleal.com.br\/novo\/wa\/contato-cursos\/?agent=1490&#038;number=+5544998624680&#038;ref=https:\/\/institutoleal.com.br\/novo\/especializacao\/pos-graduacao-em-cardiologia\/\" class=\"twwr-wa-button Online\" rel=\"nofollow\" title=\"Online | Hubungi : +5544998624680 (Atendimento)\" data-agent=\"1490\"  data-number=\"+5544998624680\" data-chat=\"1513\">\n                <span class=\"agent-avatar-fig\">\n                                    <\/span>\n                <span class=\"agent-detail-fig\">\n                    <span class=\"agent-label\">\n                        <span class=\"agent-name\">Atendimento<\/span>\n                        <span class=\"department\"><\/span>\n                        <span class=\"status\">Online<\/span>\n                    <\/span>\n                    \n                    <span class=\"agent-number\">WA : +5544998624680<\/span>\n                    <span class=\"agent-message\">Chame no WhatsApp<\/span>\n                <\/span>\n                <span class=\"chat\">Chat<\/span>\n            <\/a>\n        <\/div>\n                                    <\/div>\n        \n","protected":false},"excerpt":{"rendered":"<p><strong>Curso de Especializa\u00e7\u00e3o em Cardiologia<\/strong><br \/>\nInstituto Leal \u2013 Educa\u00e7\u00e3o de Excel\u00eancia para &#8230; <\/p>\n","protected":false},"featured_media":1556,"comment_status":"closed","ping_status":"closed","template":"","meta":[],"product_brand":[],"product_cat":[15],"product_tag":[],"class_list":{"0":"post-1555","1":"product","2":"type-product","3":"status-publish","4":"has-post-thumbnail","6":"product_cat-medicina","8":"first","9":"instock","10":"shipping-taxable","11":"product-type-simple"},"_links":{"self":[{"href":"https:\/\/institutoleal.com.br\/novo\/wp-json\/wp\/v2\/product\/1555","targetHints":{"allow":["GET"]}}],"collection":[{"href":"https:\/\/institutoleal.com.br\/novo\/wp-json\/wp\/v2\/product"}],"about":[{"href":"https:\/\/institutoleal.com.br\/novo\/wp-json\/wp\/v2\/types\/product"}],"replies":[{"embeddable":true,"href":"https:\/\/institutoleal.com.br\/novo\/wp-json\/wp\/v2\/comments?post=1555"}],"wp:featuredmedia":[{"embeddable":true,"href":"https:\/\/institutoleal.com.br\/novo\/wp-json\/wp\/v2\/media\/1556"}],"wp:attachment":[{"href":"https:\/\/institutoleal.com.br\/novo\/wp-json\/wp\/v2\/media?parent=1555"}],"wp:term":[{"taxonomy":"product_brand","embeddable":true,"href":"https:\/\/institutoleal.com.br\/novo\/wp-json\/wp\/v2\/product_brand?post=1555"},{"taxonomy":"product_cat","embeddable":true,"href":"https:\/\/institutoleal.com.br\/novo\/wp-json\/wp\/v2\/product_cat?post=1555"},{"taxonomy":"product_tag","embeddable":true,"href":"https:\/\/institutoleal.com.br\/novo\/wp-json\/wp\/v2\/product_tag?post=1555"}],"curies":[{"name":"wp","href":"https:\/\/api.w.org\/{rel}","templated":true}]}}