{"id":1535,"date":"2025-03-01T11:53:52","date_gmt":"2025-03-01T14:53:52","guid":{"rendered":"https:\/\/institutoleal.com.br\/novo\/?post_type=product&#038;p=1535"},"modified":"2025-03-01T11:58:28","modified_gmt":"2025-03-01T14:58:28","slug":"pos-graduacao-em-medicina-intensiva-adulto","status":"publish","type":"product","link":"https:\/\/institutoleal.com.br\/novo\/especializacao\/pos-graduacao-em-medicina-intensiva-adulto\/","title":{"rendered":"P\u00f3s Gradua\u00e7\u00e3o em Medicina Intensiva Adulto"},"content":{"rendered":"<h3 data-spm-anchor-id=\"5aebb161.1ffcc60a.0.i22.2a565970kTfLti\">P\u00f3s-Gradua\u00e7\u00e3o em Medicina Intensiva Adulto<\/h3>\n<hr \/>\n<h4>P\u00fablico-Alvo<\/h4>\n<p>Graduados em Medicina.<\/p>\n<div class=\"my-2\"><\/div>\n<hr \/>\n<h4>Carga Hor\u00e1ria Total<\/h4>\n<p>396 horas\/aula<\/p>\n<div class=\"my-2\"><\/div>\n<hr \/>\n<h4>Diferenciais do Curso<\/h4>\n<p>Professores Qualificados: Corpo docente experiente e especializado.<br \/>\nReconhecimento: Curso reconhecido pelo MEC.<br \/>\nPr\u00e1tica Aplicada: Foco em atividades pr\u00e1ticas e visitas observacionais para consolidar o aprendizado.<\/p>\n<div class=\"my-2\"><\/div>\n<hr \/>\n<h3>Conte\u00fado Program\u00e1tico<\/h3>\n<p>O curso aborda temas fundamentais para a forma\u00e7\u00e3o completa em Medicina Intensiva Adulto:<\/p>\n<div class=\"my-2\"><\/div>\n<p>Cardiologia Intensiva &#8211; 24 h\/a<br \/>\nPneumologia Intensiva &#8211; 24 h\/a<br \/>\nHemodin\u00e2mica e Choque &#8211; 24 h\/a<br \/>\nVia A\u00e9rea Dif\u00edcil &#8211; 24 h\/a<br \/>\nNefrologia na UTI &#8211; 24 h\/a<br \/>\nInfec\u00e7\u00f5es em UTI e Cuidados Paliativos &#8211; 24 h\/a<br \/>\nMetodologia de Pesquisa &#8211; EaD &#8211; 24 h\/a<br \/>\nNeurointensivismo &#8211; 24 h\/a<br \/>\nHematologia &#8211; 24 h\/a<br \/>\nEndocrinologia em Pacientes Graves &#8211; 24 h\/a<br \/>\nTrauma &#8211; 24 h\/a<br \/>\nUltrassonografia \u00e0 Beira do Leito &#8211; 24 h\/a<br \/>\nGest\u00e3o e Cuidados \u00e0 Gestantes &#8211; 24 h\/a<br \/>\nDireito M\u00e9dico &#8211; EaD &#8211; 24 h\/a<br \/>\nVisita Observacional &#8211; 60 h\/a<\/p>\n<div class=\"my-2\">\n                    <div class=\"twwr-container twwr-chat-std twwr-woocommerce\" data-rot-id=\"1513\">\n                \n        <div class=\"agent-list-item\">\n\n            <a href=\"https:\/\/institutoleal.com.br\/novo\/wa\/contato-cursos\/?agent=1490&#038;number=+5544998624680&#038;ref=https:\/\/institutoleal.com.br\/novo\/especializacao\/pos-graduacao-em-medicina-intensiva-adulto\/\" class=\"twwr-wa-button Online\" rel=\"nofollow\" title=\"Online | Hubungi : +5544998624680 (Atendimento)\" data-agent=\"1490\"  data-number=\"+5544998624680\" data-chat=\"1513\">\n                <span class=\"agent-avatar-fig\">\n                                    <\/span>\n                <span class=\"agent-detail-fig\">\n                    <span class=\"agent-label\">\n                        <span class=\"agent-name\">Atendimento<\/span>\n                        <span class=\"department\"><\/span>\n                        <span class=\"status\">Online<\/span>\n                    <\/span>\n                    \n                    <span class=\"agent-number\">WA : +5544998624680<\/span>\n                    <span class=\"agent-message\">Chame no WhatsApp<\/span>\n                <\/span>\n                <span class=\"chat\">Chat<\/span>\n            <\/a>\n        <\/div>\n                                    <\/div>\n        <\/div>\n<hr \/>\n<h3>Metodologia<\/h3>\n<p data-spm-anchor-id=\"5aebb161.1ffcc60a.0.i23.2a565970kTfLti\">As metodologias adotadas s\u00e3o alinhadas \u00e0 realidade do mercado e ao perfil profissional que o aluno ir\u00e1 exercer. Utilizamos desde recursos tradicionais como quadro de giz at\u00e9 tecnologias avan\u00e7adas, garantindo uma forma\u00e7\u00e3o te\u00f3rica e pr\u00e1tica completa. O curso d\u00e1 especial aten\u00e7\u00e3o \u00e0s atividades pr\u00e1ticas, incluindo visitas observacionais, fundamentais para cursos da \u00e1rea da sa\u00fade.<\/p>\n","protected":false},"excerpt":{"rendered":"<h4 data-spm-anchor-id=\"5aebb161.1ffcc60a.0.i21.2a565970kTfLti\">Objetivo<\/h4>\n<p>A especializa\u00e7\u00e3o em cuidados intensivos \u00e9 cada vez mais essencial &#8230; <\/p>\n","protected":false},"featured_media":1536,"comment_status":"closed","ping_status":"closed","template":"","meta":[],"product_brand":[],"product_cat":[15],"product_tag":[],"class_list":{"0":"post-1535","1":"product","2":"type-product","3":"status-publish","4":"has-post-thumbnail","6":"product_cat-medicina","8":"first","9":"instock","10":"shipping-taxable","11":"product-type-simple"},"_links":{"self":[{"href":"https:\/\/institutoleal.com.br\/novo\/wp-json\/wp\/v2\/product\/1535","targetHints":{"allow":["GET"]}}],"collection":[{"href":"https:\/\/institutoleal.com.br\/novo\/wp-json\/wp\/v2\/product"}],"about":[{"href":"https:\/\/institutoleal.com.br\/novo\/wp-json\/wp\/v2\/types\/product"}],"replies":[{"embeddable":true,"href":"https:\/\/institutoleal.com.br\/novo\/wp-json\/wp\/v2\/comments?post=1535"}],"wp:featuredmedia":[{"embeddable":true,"href":"https:\/\/institutoleal.com.br\/novo\/wp-json\/wp\/v2\/media\/1536"}],"wp:attachment":[{"href":"https:\/\/institutoleal.com.br\/novo\/wp-json\/wp\/v2\/media?parent=1535"}],"wp:term":[{"taxonomy":"product_brand","embeddable":true,"href":"https:\/\/institutoleal.com.br\/novo\/wp-json\/wp\/v2\/product_brand?post=1535"},{"taxonomy":"product_cat","embeddable":true,"href":"https:\/\/institutoleal.com.br\/novo\/wp-json\/wp\/v2\/product_cat?post=1535"},{"taxonomy":"product_tag","embeddable":true,"href":"https:\/\/institutoleal.com.br\/novo\/wp-json\/wp\/v2\/product_tag?post=1535"}],"curies":[{"name":"wp","href":"https:\/\/api.w.org\/{rel}","templated":true}]}}