{"id":1533,"date":"2025-03-01T11:38:42","date_gmt":"2025-03-01T14:38:42","guid":{"rendered":"https:\/\/institutoleal.com.br\/novo\/?post_type=product&#038;p=1533"},"modified":"2025-03-01T11:48:33","modified_gmt":"2025-03-01T14:48:33","slug":"curso-de-pos-graduacao-em-medicina-estetica","status":"publish","type":"product","link":"https:\/\/institutoleal.com.br\/novo\/especializacao\/curso-de-pos-graduacao-em-medicina-estetica\/","title":{"rendered":"P\u00f3s Gradua\u00e7\u00e3o em Medicina Est\u00e9tica"},"content":{"rendered":"<p><strong>P\u00fablico-Alvo<\/strong><br \/>\nGraduados em Medicina.<\/p>\n<hr \/>\n<p><strong>Carga Hor\u00e1ria Total<\/strong><br \/>\n432 horas\/aula<\/p>\n<hr \/>\n<p><strong>Diferenciais do Curso<\/strong><br \/>\nProfessores Qualificados: Corpo docente experiente e especializado.<br \/>\nReconhecimento: Curso reconhecido pelo MEC.<br \/>\nPr\u00e1tica Intensiva: Foco em atividades pr\u00e1ticas aplic\u00e1veis ao dia a dia profissional.<\/p>\n<hr \/>\n<p><strong>Conte\u00fado Program\u00e1tico<\/strong><\/p>\n<p>O curso aborda temas essenciais para a forma\u00e7\u00e3o completa em Medicina Est\u00e9tica:<\/p>\n<p>Microagulhamentos &#8211; 24 h\/a<br \/>\nFios de Sustenta\u00e7\u00e3o &#8211; 24 h\/a<br \/>\nTricologia &#8211; 24 h\/a<br \/>\nBioestimula\u00e7\u00e3o &#8211; 24 h\/a<br \/>\nDermoest\u00e9tica &#8211; 24 h\/a<br \/>\nEndocrinologia e Envelhecimento &#8211; 24 h\/a<br \/>\nEnvelhecimento Cut\u00e2neo &#8211; 24 h\/a<br \/>\nImplantes e Toxina Botul\u00ednica &#8211; 24 h\/a<br \/>\nLaser &#8211; 24 h\/a<br \/>\nMetodologia da Pesquisa Cient\u00edfica &#8211; 24 h\/a<br \/>\nObesidade em Medicina Est\u00e9tica &#8211; 24 h\/a<br \/>\nPeelings &#8211; 24 h\/a<br \/>\nS\u00edndrome da Desarmonia Corporal &#8211; 24 h\/a<br \/>\nSistema Linf\u00e1tico &#8211; 24 h\/a<br \/>\nSistema Pilosseb\u00e1ceo &#8211; 24 h\/a<br \/>\nBotox &#8211; 24 h\/a<br \/>\nCosmiatria &#8211; 24 h\/a<br \/>\nAnestesia &#8211; 24 h\/a<br \/>\nHarmoniza\u00e7\u00e3o Facial &#8211; 24 h\/a<br \/>\nPreenchimento &#8211; 24 h\/a<br \/>\nTratamento de Rugas e Aumento Labial &#8211; 24 h\/a<\/p>\n<hr \/>\n<p>Metodologia<br \/>\nAs metodologias adotadas s\u00e3o alinhadas \u00e0 realidade do mercado e ao perfil profissional que o aluno ir\u00e1 exercer. Utilizamos desde recursos tradicionais como quadro de giz at\u00e9 tecnologias avan\u00e7adas, garantindo uma forma\u00e7\u00e3o te\u00f3rica e pr\u00e1tica completa. O curso d\u00e1 especial aten\u00e7\u00e3o \u00e0s atividades pr\u00e1ticas, fundamentais para cursos da \u00e1rea da sa\u00fade.<\/p>\n\n                    <div class=\"twwr-container twwr-chat-std twwr-woocommerce\" data-rot-id=\"1513\">\n                \n        <div class=\"agent-list-item\">\n\n            <a href=\"https:\/\/institutoleal.com.br\/novo\/wa\/contato-cursos\/?agent=1490&#038;number=+5544998624680&#038;ref=https:\/\/institutoleal.com.br\/novo\/especializacao\/curso-de-pos-graduacao-em-medicina-estetica\/\" class=\"twwr-wa-button Online\" rel=\"nofollow\" title=\"Online | Hubungi : +5544998624680 (Atendimento)\" data-agent=\"1490\"  data-number=\"+5544998624680\" data-chat=\"1513\">\n                <span class=\"agent-avatar-fig\">\n                                    <\/span>\n                <span class=\"agent-detail-fig\">\n                    <span class=\"agent-label\">\n                        <span class=\"agent-name\">Atendimento<\/span>\n                        <span class=\"department\"><\/span>\n                        <span class=\"status\">Online<\/span>\n                    <\/span>\n                    \n                    <span class=\"agent-number\">WA : +5544998624680<\/span>\n                    <span class=\"agent-message\">Chame no WhatsApp<\/span>\n                <\/span>\n                <span class=\"chat\">Chat<\/span>\n            <\/a>\n        <\/div>\n                                    <\/div>\n        \n<p>&nbsp;<\/p>\n","protected":false},"excerpt":{"rendered":"<p><strong>Objetivo<\/strong><br \/>\nPromover excel\u00eancia no atendimento a pacientes est\u00e9ticos, aprimorando a qualidade de &#8230; <\/p>\n","protected":false},"featured_media":1530,"comment_status":"closed","ping_status":"closed","template":"","meta":[],"product_brand":[],"product_cat":[15],"product_tag":[],"class_list":{"0":"post-1533","1":"product","2":"type-product","3":"status-publish","4":"has-post-thumbnail","6":"product_cat-medicina","8":"first","9":"instock","10":"shipping-taxable","11":"product-type-simple"},"_links":{"self":[{"href":"https:\/\/institutoleal.com.br\/novo\/wp-json\/wp\/v2\/product\/1533","targetHints":{"allow":["GET"]}}],"collection":[{"href":"https:\/\/institutoleal.com.br\/novo\/wp-json\/wp\/v2\/product"}],"about":[{"href":"https:\/\/institutoleal.com.br\/novo\/wp-json\/wp\/v2\/types\/product"}],"replies":[{"embeddable":true,"href":"https:\/\/institutoleal.com.br\/novo\/wp-json\/wp\/v2\/comments?post=1533"}],"wp:featuredmedia":[{"embeddable":true,"href":"https:\/\/institutoleal.com.br\/novo\/wp-json\/wp\/v2\/media\/1530"}],"wp:attachment":[{"href":"https:\/\/institutoleal.com.br\/novo\/wp-json\/wp\/v2\/media?parent=1533"}],"wp:term":[{"taxonomy":"product_brand","embeddable":true,"href":"https:\/\/institutoleal.com.br\/novo\/wp-json\/wp\/v2\/product_brand?post=1533"},{"taxonomy":"product_cat","embeddable":true,"href":"https:\/\/institutoleal.com.br\/novo\/wp-json\/wp\/v2\/product_cat?post=1533"},{"taxonomy":"product_tag","embeddable":true,"href":"https:\/\/institutoleal.com.br\/novo\/wp-json\/wp\/v2\/product_tag?post=1533"}],"curies":[{"name":"wp","href":"https:\/\/api.w.org\/{rel}","templated":true}]}}