{"id":1512,"date":"2025-02-28T09:04:03","date_gmt":"2025-02-28T12:04:03","guid":{"rendered":"https:\/\/institutoleal.com.br\/novo\/?post_type=product&#038;p=1512"},"modified":"2025-02-28T14:30:33","modified_gmt":"2025-02-28T17:30:33","slug":"pos-graduacao-em-ginecologia-clinica","status":"publish","type":"product","link":"https:\/\/institutoleal.com.br\/novo\/especializacao\/pos-graduacao-em-ginecologia-clinica\/","title":{"rendered":"P\u00f3s Gradua\u00e7\u00e3o em Ginecologia Cl\u00ednica"},"content":{"rendered":"<p><strong>P\u00f3s-Gradua\u00e7\u00e3o em Ginecologia Cl\u00ednica<\/strong><\/p>\n<p><strong>P\u00fablico-Alvo<\/strong><br \/>\nGraduados em Medicina.<\/p>\n<p><strong>Objetivo<\/strong><br \/>\nConsolidar o ensino para profissionais da sa\u00fade, promovendo uma cultura de excel\u00eancia no aprendizado e qualificando os alunos na \u00e1rea de Ginecologia Cl\u00ednica por meio de pr\u00e1ticas diretas e conte\u00fados atualizados.<\/p>\n<p><strong>Carga Hor\u00e1ria Total<\/strong><br \/>\n360 horas\/aula<\/p>\n<p><strong>Diferenciais do Curso<\/strong><br \/>\n&#8211; Professores altamente qualificados.<br \/>\n&#8211; Curso reconhecido pelo MEC.<\/p>\n<p><strong>Conte\u00fado do Curso<\/strong><\/p>\n<p>1. Introdu\u00e7\u00e3o e Proped\u00eautica Ginecol\u00f3gica<br \/>\nCarga Hor\u00e1ria: 24 h\/a<\/p>\n<p>2. Endocrinologia Ginecol\u00f3gica<br \/>\nCarga Hor\u00e1ria: 24 h\/a<\/p>\n<p>3. Doen\u00e7as Inflamat\u00f3rias P\u00e9lvicas<br \/>\nCarga Hor\u00e1ria: 24 h\/a<\/p>\n<p>4. A Puberdade e Infanto-Puberal<br \/>\nCarga Hor\u00e1ria: 24 h\/a<\/p>\n<p>5. Hiperandrogenismo e Amenorreia<br \/>\nCarga Hor\u00e1ria: 24 h\/a<\/p>\n<p>6. Menopausa e Climat\u00e9rio<br \/>\nCarga Hor\u00e1ria: 24 h\/a<\/p>\n<p>7. Metodologia de Pesquisa &#8211; EaD<br \/>\nCarga Hor\u00e1ria: 24 h\/a<\/p>\n<p>8. Direito M\u00e9dico &#8211; EaD<br \/>\nCarga Hor\u00e1ria: 24 h\/a<\/p>\n<p>9. Endometriose<br \/>\nCarga Hor\u00e1ria: 24 h\/a<\/p>\n<p>10. Sangramento Uterino Anormal e Miomatose<br \/>\nCarga Hor\u00e1ria: 24 h\/a<\/p>\n<p>11. Oncologia Ginecol\u00f3gica<br \/>\nCarga Hor\u00e1ria: 24 h\/a<\/p>\n<p>12. Mastologia<br \/>\nCarga Hor\u00e1ria: 24 h\/a<\/p>\n<p>13. Pr\u00e9-Natal de Risco Habitual<br \/>\nCarga Hor\u00e1ria: 24 h\/a<\/p>\n<p>14. Ginecologia Est\u00e9tica<br \/>\nCarga Hor\u00e1ria: 24 h\/a<\/p>\n<p>15. Viol\u00eancia Sexual<br \/>\nCarga Hor\u00e1ria: 24 h\/a<\/p>\n<p>16. Disfun\u00e7\u00f5es Sexuais Femininas<br \/>\nCarga Hor\u00e1ria: 24 h\/a<\/p>\n<p><strong>Metodologia<\/strong><br \/>\nAs metodologias adotadas pelo corpo docente s\u00e3o alinhadas \u00e0 realidade de cada curso e ao tipo de atividade que o aluno ir\u00e1 exercer. Utilizamos desde recursos tradicionais, como o quadro de giz, at\u00e9 os mais avan\u00e7ados sistemas de exposi\u00e7\u00e3o tecnol\u00f3gica. Al\u00e9m disso, damos especial aten\u00e7\u00e3o \u00e0s pr\u00e1ticas, principalmente nos cursos da \u00e1rea da sa\u00fade, garantindo uma forma\u00e7\u00e3o completa e aplic\u00e1vel ao mercado de trabalho.<\/p>\n<p><strong>Regras e Avalia\u00e7\u00e3o<\/strong><br \/>\nNossos cursos s\u00e3o presenciais e seguem crit\u00e9rios espec\u00edficos para garantir a excel\u00eancia do aprendizado:<\/p>\n<p>&#8211; Frequ\u00eancia m\u00ednima: 75%.<br \/>\n&#8211; M\u00e9dia m\u00ednima para aprova\u00e7\u00e3o: 70 (setenta).<br \/>\n&#8211; Presen\u00e7a em aulas: Como os cursos ocorrem aos s\u00e1bados e domingos, o aluno dever\u00e1 participar de pelo menos 3 dos 4 turnos para alcan\u00e7ar 75% de presen\u00e7a.<br \/>\n&#8211; Avalia\u00e7\u00f5es: O formato de avalia\u00e7\u00e3o de cada disciplina fica a crit\u00e9rio do professor.<\/p>\n","protected":false},"excerpt":{"rendered":"<p><strong>Curso de P\u00f3s-Gradua\u00e7\u00e3o em Ginecologia Cl\u00ednica<\/strong><br \/>\nA P\u00f3s-Gradua\u00e7\u00e3o em Ginecologia Cl\u00ednica \u00e9 &#8230; <\/p>\n","protected":false},"featured_media":1515,"comment_status":"closed","ping_status":"closed","template":"","meta":[],"product_brand":[],"product_cat":[15],"product_tag":[],"class_list":{"0":"post-1512","1":"product","2":"type-product","3":"status-publish","4":"has-post-thumbnail","6":"product_cat-medicina","8":"first","9":"instock","10":"shipping-taxable","11":"product-type-simple"},"_links":{"self":[{"href":"https:\/\/institutoleal.com.br\/novo\/wp-json\/wp\/v2\/product\/1512","targetHints":{"allow":["GET"]}}],"collection":[{"href":"https:\/\/institutoleal.com.br\/novo\/wp-json\/wp\/v2\/product"}],"about":[{"href":"https:\/\/institutoleal.com.br\/novo\/wp-json\/wp\/v2\/types\/product"}],"replies":[{"embeddable":true,"href":"https:\/\/institutoleal.com.br\/novo\/wp-json\/wp\/v2\/comments?post=1512"}],"wp:featuredmedia":[{"embeddable":true,"href":"https:\/\/institutoleal.com.br\/novo\/wp-json\/wp\/v2\/media\/1515"}],"wp:attachment":[{"href":"https:\/\/institutoleal.com.br\/novo\/wp-json\/wp\/v2\/media?parent=1512"}],"wp:term":[{"taxonomy":"product_brand","embeddable":true,"href":"https:\/\/institutoleal.com.br\/novo\/wp-json\/wp\/v2\/product_brand?post=1512"},{"taxonomy":"product_cat","embeddable":true,"href":"https:\/\/institutoleal.com.br\/novo\/wp-json\/wp\/v2\/product_cat?post=1512"},{"taxonomy":"product_tag","embeddable":true,"href":"https:\/\/institutoleal.com.br\/novo\/wp-json\/wp\/v2\/product_tag?post=1512"}],"curies":[{"name":"wp","href":"https:\/\/api.w.org\/{rel}","templated":true}]}}