{"id":1486,"date":"2025-02-27T10:20:26","date_gmt":"2025-02-27T13:20:26","guid":{"rendered":"https:\/\/institutoleal.com.br\/novo\/?post_type=product&#038;p=1486"},"modified":"2025-03-01T11:38:37","modified_gmt":"2025-03-01T14:38:37","slug":"pos-graduacao-em-ecocardiografia","status":"publish","type":"product","link":"https:\/\/institutoleal.com.br\/novo\/especializacao\/pos-graduacao-em-ecocardiografia\/","title":{"rendered":"P\u00f3s Gradua\u00e7\u00e3o em Ecocardiografia"},"content":{"rendered":"<p><strong>P\u00f3s-Gradua\u00e7\u00e3o em Ecocardiografia<\/strong><\/p>\n<p>P\u00fablico-Alvo<br \/>\nGraduados em Medicina.<\/p>\n<p>Objetivo<br \/>\nConsolidar o ensino para profissionais da sa\u00fade, promovendo uma cultura de qualidade no aprendizado e qualificando os alunos na \u00e1rea de Ecocardiografia por meio de pr\u00e1ticas diretas e aplic\u00e1veis.<\/p>\n<p>Carga Hor\u00e1ria Total<br \/>\n528 horas\/aula<\/p>\n<p>Conte\u00fado do Curso<\/p>\n<p>1. Pr\u00f3teses<br \/>\nCarga Hor\u00e1ria: 24 h\/a<\/p>\n<p>2. Miocardiopatia Dilatada<br \/>\nCarga Hor\u00e1ria: 24 h\/a<\/p>\n<p>3. Aortopatias<br \/>\nCarga Hor\u00e1ria: 24 h\/a<\/p>\n<p>4. Miocardiopatia Restritiva<br \/>\nCarga Hor\u00e1ria: 24 h\/a<\/p>\n<p>5. Endocardite<br \/>\nCarga Hor\u00e1ria: 24 h\/a<\/p>\n<p>6. Miocardiopatia Hipertr\u00f3fica<br \/>\nCarga Hor\u00e1ria: 24 h\/a<\/p>\n<p>7. Massas e Tumores<br \/>\nCarga Hor\u00e1ria: 24 h\/a<\/p>\n<p>8. Did\u00e1tica do Ensino Superior<br \/>\nCarga Hor\u00e1ria: 24 h\/a<\/p>\n<p>9. Estenose A\u00f3rtica<br \/>\nCarga Hor\u00e1ria: 24 h\/a<\/p>\n<p>10. Avalia\u00e7\u00e3o das C\u00e2maras Direita<br \/>\nCarga Hor\u00e1ria: 24 h\/a<\/p>\n<p>11. Estenose Mitral<br \/>\nCarga Hor\u00e1ria: 24 h\/a<\/p>\n<p>12. Cardiopatia Segmentar Coronariopatia<br \/>\nCarga Hor\u00e1ria: 24 h\/a<\/p>\n<p>13. Pericardiopatias<br \/>\nCarga Hor\u00e1ria: 24 h\/a<\/p>\n<p>14. Fun\u00e7\u00e3o Sist\u00f3lica e Diast\u00f3lica do VE<br \/>\nCarga Hor\u00e1ria: 24 h\/a<\/p>\n<p>15. Regurgita\u00e7\u00e3o Mitral<br \/>\nCarga Hor\u00e1ria: 24 h\/a<\/p>\n<p>16. Modo M. Bidimensional Artefatos Comuns<br \/>\nCarga Hor\u00e1ria: 24 h\/a<\/p>\n<p>17. Regurgita\u00e7\u00e3o A\u00f3rtica<br \/>\nCarga Hor\u00e1ria: 24 h\/a<\/p>\n<p>18. Padr\u00f5es de Hipertrofia Mioc\u00e1rdica<br \/>\nCarga Hor\u00e1ria: 24 h\/a<\/p>\n<p>19. Metodologia Cient\u00edfica<br \/>\nCarga Hor\u00e1ria: 24 h\/a<\/p>\n<p>20. Ecocardiograma e Di\u00e2metros Card\u00edacos<br \/>\nCarga Hor\u00e1ria: 24 h\/a<\/p>\n<p>21. Apresenta\u00e7\u00e3o e Princ\u00edpios F\u00edsicos (Frequ\u00eancia, Tipos de Doppler e Etc.)<br \/>\nCarga Hor\u00e1ria: 24 h\/a<\/p>\n<p>22. Padr\u00f5es de Hipertrofia Mioc\u00e1rdica, Hipertens\u00e3o Arterial Sist\u00eamica<br \/>\nCarga Hor\u00e1ria: 24 h\/a<\/p>\n<p>Metodologia<br \/>\nAs metodologias adotadas pelo corpo docente s\u00e3o alinhadas \u00e0 realidade de cada curso e ao tipo de atividade que o aluno ir\u00e1 exercer. Utilizamos desde recursos tradicionais, como o quadro de giz, at\u00e9 os mais avan\u00e7ados sistemas de exposi\u00e7\u00e3o tecnol\u00f3gica. Al\u00e9m disso, damos especial aten\u00e7\u00e3o \u00e0s pr\u00e1ticas, principalmente nos cursos da \u00e1rea da sa\u00fade, garantindo uma forma\u00e7\u00e3o completa e aplic\u00e1vel ao mercado de trabalho.<\/p>\n<p>Regras e Avalia\u00e7\u00e3o<br \/>\nNossos cursos s\u00e3o presenciais e seguem crit\u00e9rios espec\u00edficos para garantir a excel\u00eancia do aprendizado:<\/p>\n<p>Frequ\u00eancia m\u00ednima: 75%<br \/>\nM\u00e9dia m\u00ednima para aprova\u00e7\u00e3o: 70 (setenta)<br \/>\nPresen\u00e7a em aulas: Como os cursos ocorrem aos s\u00e1bados e domingos, o aluno dever\u00e1 participar de pelo menos 3 dos 4 turnos para alcan\u00e7ar 75% de presen\u00e7a.<br \/>\nAvalia\u00e7\u00f5es: O formato de avalia\u00e7\u00e3o de cada disciplina fica a crit\u00e9rio do professor.<\/p>\n","protected":false},"excerpt":{"rendered":"<p>A P\u00f3s-Gradua\u00e7\u00e3o em Ecocardiografia \u00e9 voltada para graduados em Medicina que &#8230; <\/p>\n","protected":false},"featured_media":1487,"comment_status":"closed","ping_status":"closed","template":"","meta":[],"product_brand":[],"product_cat":[15],"product_tag":[],"class_list":{"0":"post-1486","1":"product","2":"type-product","3":"status-publish","4":"has-post-thumbnail","6":"product_cat-medicina","8":"first","9":"instock","10":"shipping-taxable","11":"product-type-simple"},"_links":{"self":[{"href":"https:\/\/institutoleal.com.br\/novo\/wp-json\/wp\/v2\/product\/1486","targetHints":{"allow":["GET"]}}],"collection":[{"href":"https:\/\/institutoleal.com.br\/novo\/wp-json\/wp\/v2\/product"}],"about":[{"href":"https:\/\/institutoleal.com.br\/novo\/wp-json\/wp\/v2\/types\/product"}],"replies":[{"embeddable":true,"href":"https:\/\/institutoleal.com.br\/novo\/wp-json\/wp\/v2\/comments?post=1486"}],"wp:featuredmedia":[{"embeddable":true,"href":"https:\/\/institutoleal.com.br\/novo\/wp-json\/wp\/v2\/media\/1487"}],"wp:attachment":[{"href":"https:\/\/institutoleal.com.br\/novo\/wp-json\/wp\/v2\/media?parent=1486"}],"wp:term":[{"taxonomy":"product_brand","embeddable":true,"href":"https:\/\/institutoleal.com.br\/novo\/wp-json\/wp\/v2\/product_brand?post=1486"},{"taxonomy":"product_cat","embeddable":true,"href":"https:\/\/institutoleal.com.br\/novo\/wp-json\/wp\/v2\/product_cat?post=1486"},{"taxonomy":"product_tag","embeddable":true,"href":"https:\/\/institutoleal.com.br\/novo\/wp-json\/wp\/v2\/product_tag?post=1486"}],"curies":[{"name":"wp","href":"https:\/\/api.w.org\/{rel}","templated":true}]}}