{"id":881,"date":"2018-05-29T11:11:20","date_gmt":"2018-05-29T11:11:20","guid":{"rendered":"http:\/\/xtratheme.com\/default\/?page_id=7"},"modified":"2025-04-07T14:25:07","modified_gmt":"2025-04-07T17:25:07","slug":"about-us","status":"publish","type":"page","link":"https:\/\/institutoleal.com.br\/novo\/about-us\/","title":{"rendered":"Sobre"},"content":{"rendered":"<div class=\"wpb-content-wrapper\"><p>[vc_row][vc_column]<div class=\"cz_gap clr \" style=\"height: 75px\"><\/div><div id=\"cz_89856\" class=\"cz_89856 cz_title clr cz_title_pos_inline tac\"><div class=\"cz_title_shape shape_image cz_shape_1\"><img decoding=\"async\" width=\"180\" height=\"130\" src=\"data:image\/svg+xml,%3Csvg%20xmlns%3D&#39;http%3A%2F%2Fwww.w3.org%2F2000%2Fsvg&#39;%20width=&#39;180&#39;%20height=&#39;130&#39;%20viewBox%3D&#39;0%200%20180%20130&#39;%2F%3E\" data-czlz data-src=\"https:\/\/institutoleal.com.br\/novo\/wp-content\/uploads\/2019\/09\/heart.png\" class=\"attachment-full\" alt=\"\" title=\"heart\" \/><\/div><div class=\"cz_title_content\"><div class=\"cz_wpe_content\"><h3 style=\"text-align: center;\"><span style=\"font-size: 48px;\">Quem <span style=\"color: #3f7aa5;\">Somos<\/span><\/span><\/h3>\n<p style=\"text-align: center;\"><span style=\"font-size: 26px;\">Mais de 20 anos de experi\u00eancia<\/span><\/p>\n<\/div><\/div><\/div>[\/vc_column][\/vc_row][vc_row][vc_column][vc_row_inner][vc_column_inner css=&#8221;.vc_custom_1569828390114{padding-right: 40px !important;padding-left: 40px !important;}&#8221; offset=&#8221;vc_col-md-6&#8243;]<div class=\"cz_gap clr \" style=\"height: 40px\"><\/div><div id=\"cz_87125\" class=\"cz_87125 cz_title clr cz_mobile_text_center cz_title_pos_inline\"><div class=\"cz_title_content\"><div class=\"cz_wpe_content\"><p data-spm-anchor-id=\"a2ty_o01.29997173.0.i38.403ec921kT0kz1\">O <strong>Instituto Leal<\/strong> nasceu com a miss\u00e3o de transformar o ensino e democratizar o acesso ao conhecimento, levando educa\u00e7\u00e3o de qualidade aos quatro cantos do Brasil e al\u00e9m. Acreditamos que quanto mais longe o saber chega, maior \u00e9 o impacto positivo na sociedade. Essa vis\u00e3o orienta nosso compromisso em formar profissionais capacitados para enfrentar os desafios do mundo contempor\u00e2neo.<\/p>\n<p>Fundado em 2003 pelo professor Ivan Leal, iniciamos nossa trajet\u00f3ria focados na forma\u00e7\u00e3o de educadores, oferecendo cursos de p\u00f3s-gradua\u00e7\u00e3o na \u00e1rea da Educa\u00e7\u00e3o. Ao longo dos anos, ampliamos nosso escopo para atender outras \u00e1reas essenciais, como a Sa\u00fade, tornando-nos refer\u00eancia nacional em diversas especialidades m\u00e9dicas. Hoje, somos reconhecidos por cursos de excel\u00eancia em Medicina do Trabalho, Dermatologia Cl\u00ednica, Cardiologia, Medicina Est\u00e9tica, Reumatologia, Pneumologia, Nutrologia e muitas outras \u00e1reas.<\/p>\n<p>Com sede em Maring\u00e1, o Instituto Leal tem como prop\u00f3sito contribuir para o avan\u00e7o de quem busca conhecimento atualizado e inovador. Embora j\u00e1 tenhamos ultrapassado barreiras geogr\u00e1ficas e alcan\u00e7ado fronteiras antes inimagin\u00e1veis, sabemos que o aprendizado n\u00e3o tem limites. Por isso, continuamos expandindo nossos horizontes, sempre em busca de novas possibilidades para inspirar e capacitar cada vez mais pessoas.<\/p>\n<p>No Instituto Leal, acreditamos que o futuro \u00e9 moldado por aqueles que se dedicam ao saber. E \u00e9 nessa jornada que desejamos acompanh\u00e1-lo.<\/p>\n<\/div><\/div><\/div><div class=\"cz_gap clr \" style=\"height: 75px\"><\/div>[\/vc_column_inner][vc_column_inner offset=&#8221;vc_col-md-6&#8243;]<div id=\"cz_52108\" class=\"cz_52108 cz_image clr cz_image_no_fx center_on_mobile\"><div class=\"\" ><div class=\"cz_image_in\" data-tilt><div class=\"cz_main_image\"><img decoding=\"async\" width=\"600\" height=\"893\" src=\"data:image\/svg+xml,%3Csvg%20xmlns%3D&#39;http%3A%2F%2Fwww.w3.org%2F2000%2Fsvg&#39;%20width=&#39;600&#39;%20height=&#39;893&#39;%20viewBox%3D&#39;0%200%20600%20893&#39;%2F%3E\" data-czlz data-src=\"https:\/\/institutoleal.com.br\/novo\/wp-content\/uploads\/2025\/04\/aspen1.jpg\" class=\"attachment-full\" alt=\"\" title=\"aspen1\" data-srcset=\"https:\/\/institutoleal.com.br\/novo\/wp-content\/uploads\/2025\/04\/aspen1.jpg 600w, https:\/\/institutoleal.com.br\/novo\/wp-content\/uploads\/2025\/04\/aspen1-202x300.jpg 202w\" data-sizes=\"(max-width: 600px) 100vw, 600px\" \/><\/div><\/div><\/div><\/div>[\/vc_column_inner][\/vc_row_inner]<div class=\"cz_gap clr  hide_on_tablet hide_on_mobile\" style=\"height: 100px\"><\/div><div class=\"cz_gap show_on_tablet clr \" style=\"height: 75px\"><\/div>[\/vc_column][\/vc_row]<\/p>\n<\/div>","protected":false},"excerpt":{"rendered":"<p>[vc_row][vc_column][\/vc_column][\/vc_row][vc_row][vc_column][vc_row_inner][vc_column_inner css=&#8221;.vc_custom_1569828390114{padding-right: 40px !important;padding-left: 40px !important;}&#8221; offset=&#8221;vc_col-md-6&#8243;][\/vc_column_inner][vc_column_inner offset=&#8221;vc_col-md-6&#8243;][\/vc_column_inner][\/vc_row_inner][\/vc_column][\/vc_row] &#8230; <\/p>\n","protected":false},"author":1,"featured_media":0,"parent":0,"menu_order":0,"comment_status":"closed","ping_status":"closed","template":"","meta":{"footnotes":""},"class_list":["post-881","page","type-page","status-publish","hentry"],"_links":{"self":[{"href":"https:\/\/institutoleal.com.br\/novo\/wp-json\/wp\/v2\/pages\/881","targetHints":{"allow":["GET"]}}],"collection":[{"href":"https:\/\/institutoleal.com.br\/novo\/wp-json\/wp\/v2\/pages"}],"about":[{"href":"https:\/\/institutoleal.com.br\/novo\/wp-json\/wp\/v2\/types\/page"}],"author":[{"embeddable":true,"href":"https:\/\/institutoleal.com.br\/novo\/wp-json\/wp\/v2\/users\/1"}],"replies":[{"embeddable":true,"href":"https:\/\/institutoleal.com.br\/novo\/wp-json\/wp\/v2\/comments?post=881"}],"version-history":[{"count":6,"href":"https:\/\/institutoleal.com.br\/novo\/wp-json\/wp\/v2\/pages\/881\/revisions"}],"predecessor-version":[{"id":1875,"href":"https:\/\/institutoleal.com.br\/novo\/wp-json\/wp\/v2\/pages\/881\/revisions\/1875"}],"wp:attachment":[{"href":"https:\/\/institutoleal.com.br\/novo\/wp-json\/wp\/v2\/media?parent=881"}],"curies":[{"name":"wp","href":"https:\/\/api.w.org\/{rel}","templated":true}]}}